{"id":36221,"date":"2024-12-30T15:46:20","date_gmt":"2024-12-30T14:46:20","guid":{"rendered":"https:\/\/www.klipundklar.ch\/?page_id=36221"},"modified":"2025-01-06T11:10:55","modified_gmt":"2025-01-06T10:10:55","slug":"hauswartung","status":"publish","type":"page","link":"https:\/\/www.klipundklar.ch\/en\/hauswartung\/","title":{"rendered":"Hauswartung"},"content":{"rendered":"<div data-elementor-type=\"wp-page\" data-elementor-id=\"36221\" class=\"elementor elementor-36221\">\n\t\t\t\t\t\t\t\t\t<section class=\"elementor-section elementor-top-section elementor-element elementor-element-dc5e8d2 elementor-section-height-min-height elementor-section-boxed elementor-section-height-default elementor-section-items-middle\" data-id=\"dc5e8d2\" data-element_type=\"section\" data-settings=\"{&quot;_ha_eqh_enable&quot;:false}\">\n\t\t\t\t\t\t<div class=\"elementor-container elementor-column-gap-default\">\n\t\t\t\t\t<div class=\"elementor-column elementor-col-100 elementor-top-column elementor-element elementor-element-f9b6c47\" data-id=\"f9b6c47\" data-element_type=\"column\">\n\t\t\t<div class=\"elementor-widget-wrap elementor-element-populated\">\n\t\t\t\t\t\t\t\t<div class=\"elementor-element elementor-element-79ec20b elementor-widget__width-auto elementor-widget elementor-widget-heading\" data-id=\"79ec20b\" data-element_type=\"widget\" data-widget_type=\"heading.default\">\n\t\t\t\t<div class=\"elementor-widget-container\">\n\t\t\t<h2 class=\"elementor-heading-title elementor-size-default\">hauswartung<\/h2>\t\t<\/div>\n\t\t\t\t<\/div>\n\t\t\t\t<div class=\"elementor-element elementor-element-eed792d elementor-widget elementor-widget-heading\" data-id=\"eed792d\" data-element_type=\"widget\" data-widget_type=\"heading.default\">\n\t\t\t\t<div class=\"elementor-widget-container\">\n\t\t\t<h2 class=\"elementor-heading-title elementor-size-default\">Zuverl\u00e4ssige <span style=\"color: #D9528F;\">Betreuung<\/span>\n<\/h2>\t\t<\/div>\n\t\t\t\t<\/div>\n\t\t\t\t\t<\/div>\n\t\t<\/div>\n\t\t\t\t\t\t\t<\/div>\n\t\t<\/section>\n\t\t\t\t<section class=\"elementor-section elementor-top-section elementor-element elementor-element-962b86e elementor-section-boxed elementor-section-height-default elementor-section-height-default\" data-id=\"962b86e\" data-element_type=\"section\" data-settings=\"{&quot;background_background&quot;:&quot;classic&quot;,&quot;_ha_eqh_enable&quot;:false}\">\n\t\t\t\t\t\t<div class=\"elementor-container elementor-column-gap-default\">\n\t\t\t\t\t<div class=\"elementor-column elementor-col-100 elementor-top-column elementor-element elementor-element-3f82588\" data-id=\"3f82588\" data-element_type=\"column\" data-settings=\"{&quot;background_background&quot;:&quot;classic&quot;}\">\n\t\t\t<div class=\"elementor-widget-wrap elementor-element-populated\">\n\t\t\t\t\t\t\t\t<div class=\"elementor-element elementor-element-d2b808f elementor-widget elementor-widget-spacer\" data-id=\"d2b808f\" data-element_type=\"widget\" data-widget_type=\"spacer.default\">\n\t\t\t\t<div class=\"elementor-widget-container\">\n\t\t\t\t\t<div class=\"elementor-spacer\">\n\t\t\t<div class=\"elementor-spacer-inner\"><\/div>\n\t\t<\/div>\n\t\t\t\t<\/div>\n\t\t\t\t<\/div>\n\t\t\t\t\t<\/div>\n\t\t<\/div>\n\t\t\t\t\t\t\t<\/div>\n\t\t<\/section>\n\t\t\t\t<section class=\"elementor-section elementor-top-section elementor-element elementor-element-6d16da3 elementor-section-boxed elementor-section-height-default elementor-section-height-default\" data-id=\"6d16da3\" data-element_type=\"section\" data-settings=\"{&quot;background_background&quot;:&quot;classic&quot;,&quot;_ha_eqh_enable&quot;:false}\">\n\t\t\t\t\t\t<div class=\"elementor-container elementor-column-gap-default\">\n\t\t\t\t\t<div class=\"elementor-column elementor-col-50 elementor-top-column elementor-element elementor-element-92f2ecb\" data-id=\"92f2ecb\" data-element_type=\"column\">\n\t\t\t<div class=\"elementor-widget-wrap elementor-element-populated\">\n\t\t\t\t\t\t\t\t<div class=\"elementor-element elementor-element-c4ee527 elementor-widget__width-auto elementor-widget elementor-widget-heading\" data-id=\"c4ee527\" data-element_type=\"widget\" data-widget_type=\"heading.default\">\n\t\t\t\t<div class=\"elementor-widget-container\">\n\t\t\t<h2 class=\"elementor-heading-title elementor-size-default\">Leistungen<\/h2>\t\t<\/div>\n\t\t\t\t<\/div>\n\t\t\t\t\t<\/div>\n\t\t<\/div>\n\t\t\t\t<div class=\"elementor-column elementor-col-50 elementor-top-column elementor-element elementor-element-f169b14\" data-id=\"f169b14\" data-element_type=\"column\">\n\t\t\t<div class=\"elementor-widget-wrap elementor-element-populated\">\n\t\t\t\t\t\t\t\t<div class=\"elementor-element elementor-element-e00201a elementor-widget elementor-widget-heading\" data-id=\"e00201a\" data-element_type=\"widget\" data-widget_type=\"heading.default\">\n\t\t\t\t<div class=\"elementor-widget-container\">\n\t\t\t<h2 class=\"elementor-heading-title elementor-size-default\">Hauswartung \u2013 Ihr Rundum-Service f\u00fcr eine gepflegte Immobilie<\/h2>\t\t<\/div>\n\t\t\t\t<\/div>\n\t\t\t\t<div class=\"elementor-element elementor-element-47e1aab elementor-widget elementor-widget-text-editor\" data-id=\"47e1aab\" data-element_type=\"widget\" data-widget_type=\"text-editor.default\">\n\t\t\t\t<div class=\"elementor-widget-container\">\n\t\t\t\t\t\t\t<p>Eine gut betreute Immobilie vermittelt nicht nur einen positiven ersten Eindruck, sondern tr\u00e4gt auch zur langfristigen Werterhaltung bei. Mit unserem Hauswartungsservice bieten wir Ihnen ein umfassendes Paket, das alle wesentlichen Aufgaben rund um Ihre Geb\u00e4ude- und Aussenpflege abdeckt. Ob es um die Reinigung von Gemeinschaftsfl\u00e4chen, die Pflege von Aussenanlagen oder kleinere Reparaturen geht \u2013 wir stellen sicher, dass Ihr Objekt jederzeit optimal betreut wird. Unsere erfahrenen Mitarbeitenden sorgen f\u00fcr einen reibungslosen Ablauf und passen sich flexibel an Ihre individuellen Bed\u00fcrfnisse an.<\/p><p>Unser Hauswartungsservice umfasst alle wichtigen Bereiche der Geb\u00e4udebetreuung:<\/p>\t\t\t\t\t\t<\/div>\n\t\t\t\t<\/div>\n\t\t\t\t<div class=\"elementor-element elementor-element-d65aa4c elementor-icon-list--layout-traditional elementor-list-item-link-full_width elementor-widget elementor-widget-icon-list\" data-id=\"d65aa4c\" data-element_type=\"widget\" data-widget_type=\"icon-list.default\">\n\t\t\t\t<div class=\"elementor-widget-container\">\n\t\t\t\t\t<ul class=\"elementor-icon-list-items\">\n\t\t\t\t\t\t\t<li class=\"elementor-icon-list-item\">\n\t\t\t\t\t\t\t\t\t\t\t<span class=\"elementor-icon-list-icon\">\n\t\t\t\t\t\t\t<i aria-hidden=\"true\" class=\"icon icon-check\"><\/i>\t\t\t\t\t\t<\/span>\n\t\t\t\t\t\t\t\t\t\t<span class=\"elementor-icon-list-text\">Regelm\u00e4ssige Reinigung von Gemeinschaftsfl\u00e4chen wie Treppenh\u00e4usern und Eingangsbereichen<\/span>\n\t\t\t\t\t\t\t\t\t<\/li>\n\t\t\t\t\t\t\t\t<li class=\"elementor-icon-list-item\">\n\t\t\t\t\t\t\t\t\t\t\t<span class=\"elementor-icon-list-icon\">\n\t\t\t\t\t\t\t<i aria-hidden=\"true\" class=\"icon icon-check\"><\/i>\t\t\t\t\t\t<\/span>\n\t\t\t\t\t\t\t\t\t\t<span class=\"elementor-icon-list-text\">Wartung technischer Anlagen und Kontrolle der Funktionsf\u00e4higkeit<\/span>\n\t\t\t\t\t\t\t\t\t<\/li>\n\t\t\t\t\t\t\t\t<li class=\"elementor-icon-list-item\">\n\t\t\t\t\t\t\t\t\t\t\t<span class=\"elementor-icon-list-icon\">\n\t\t\t\t\t\t\t<i aria-hidden=\"true\" class=\"icon icon-check\"><\/i>\t\t\t\t\t\t<\/span>\n\t\t\t\t\t\t\t\t\t\t<span class=\"elementor-icon-list-text\">Pflege von Aussenanlagen, z. B. Rasenm\u00e4hen, Laubentfernung und Winterdienst<\/span>\n\t\t\t\t\t\t\t\t\t<\/li>\n\t\t\t\t\t\t\t\t<li class=\"elementor-icon-list-item\">\n\t\t\t\t\t\t\t\t\t\t\t<span class=\"elementor-icon-list-icon\">\n\t\t\t\t\t\t\t<i aria-hidden=\"true\" class=\"icon icon-check\"><\/i>\t\t\t\t\t\t<\/span>\n\t\t\t\t\t\t\t\t\t\t<span class=\"elementor-icon-list-text\">Kleinreparaturen und Instandhaltungsarbeiten<\/span>\n\t\t\t\t\t\t\t\t\t<\/li>\n\t\t\t\t\t\t<\/ul>\n\t\t\t\t<\/div>\n\t\t\t\t<\/div>\n\t\t\t\t<div class=\"elementor-element elementor-element-0d0bf3d elementor-widget__width-auto elementor-widget elementor-widget-button\" data-id=\"0d0bf3d\" data-element_type=\"widget\" data-widget_type=\"button.default\">\n\t\t\t\t<div class=\"elementor-widget-container\">\n\t\t\t\t\t<div class=\"elementor-button-wrapper\">\n\t\t\t<a class=\"elementor-button elementor-button-link elementor-size-sm\" href=\"https:\/\/www.klipundklar.ch\/en\/kontakt\/\">\n\t\t\t\t\t\t<span class=\"elementor-button-content-wrapper\">\n\t\t\t\t\t\t<span class=\"elementor-button-text\">Contact us<\/span>\n\t\t<\/span>\n\t\t\t\t\t<\/a>\n\t\t<\/div>\n\t\t\t\t<\/div>\n\t\t\t\t<\/div>\n\t\t\t\t\t<\/div>\n\t\t<\/div>\n\t\t\t\t\t\t\t<\/div>\n\t\t<\/section>\n\t\t\t\t<section class=\"elementor-section elementor-top-section elementor-element elementor-element-9e1dee2 elementor-section-boxed elementor-section-height-default elementor-section-height-default\" data-id=\"9e1dee2\" data-element_type=\"section\" data-settings=\"{&quot;background_background&quot;:&quot;classic&quot;,&quot;_ha_eqh_enable&quot;:false}\">\n\t\t\t\t\t\t<div class=\"elementor-container elementor-column-gap-default\">\n\t\t\t\t\t<div class=\"elementor-column elementor-col-100 elementor-top-column elementor-element elementor-element-9207c84\" data-id=\"9207c84\" data-element_type=\"column\">\n\t\t\t<div class=\"elementor-widget-wrap elementor-element-populated\">\n\t\t\t\t\t\t\t\t<div class=\"elementor-element elementor-element-a7be295 elementor-widget elementor-widget-gallery\" data-id=\"a7be295\" data-element_type=\"widget\" data-settings=\"{&quot;gap&quot;:{&quot;unit&quot;:&quot;px&quot;,&quot;size&quot;:30,&quot;sizes&quot;:[]},&quot;aspect_ratio&quot;:&quot;1:1&quot;,&quot;columns_tablet&quot;:4,&quot;columns_mobile&quot;:4,&quot;gap_tablet&quot;:{&quot;unit&quot;:&quot;px&quot;,&quot;size&quot;:30,&quot;sizes&quot;:[]},&quot;lazyload&quot;:&quot;yes&quot;,&quot;gallery_layout&quot;:&quot;grid&quot;,&quot;columns&quot;:4,&quot;gap_mobile&quot;:{&quot;unit&quot;:&quot;px&quot;,&quot;size&quot;:10,&quot;sizes&quot;:[]},&quot;link_to&quot;:&quot;file&quot;,&quot;overlay_background&quot;:&quot;yes&quot;,&quot;content_hover_animation&quot;:&quot;fade-in&quot;}\" data-widget_type=\"gallery.default\">\n\t\t\t\t<div class=\"elementor-widget-container\">\n\t\t\t\t\t<div class=\"elementor-gallery__container\">\n\t\t\t\t\t\t\t<a class=\"e-gallery-item elementor-gallery-item elementor-animated-content\" href=\"https:\/\/www.klipundklar.ch\/wp-content\/uploads\/2024\/12\/IMG_0209-scaled.jpeg\" data-elementor-open-lightbox=\"yes\" data-elementor-lightbox-slideshow=\"all-a7be295\" data-elementor-lightbox-title=\"Klip &amp; Klar Reinigungen GmbH\" data-e-action-hash=\"#elementor-action%3Aaction%3Dlightbox%26settings%3DeyJpZCI6MzYyNTksInVybCI6Imh0dHBzOlwvXC93d3cua2xpcHVuZGtsYXIuY2hcL3dwLWNvbnRlbnRcL3VwbG9hZHNcLzIwMjRcLzEyXC9JTUdfMDIwOS1zY2FsZWQuanBlZyIsInNsaWRlc2hvdyI6ImFsbC1hN2JlMjk1In0%3D\">\n\t\t\t\t\t<div class=\"e-gallery-image elementor-gallery-item__image\" data-thumbnail=\"https:\/\/www.klipundklar.ch\/wp-content\/uploads\/2024\/12\/IMG_0209-768x1024.jpeg\" data-width=\"768\" data-height=\"1024\" alt=\"\" ><\/div>\n\t\t\t\t\t\t\t\t\t\t\t<div class=\"elementor-gallery-item__overlay\"><\/div>\n\t\t\t\t\t\t\t\t\t\t\t\t\t\t<\/a>\n\t\t\t\t\t\t\t<a class=\"e-gallery-item elementor-gallery-item elementor-animated-content\" href=\"https:\/\/www.klipundklar.ch\/wp-content\/uploads\/2024\/12\/IMG_3469-scaled.jpeg\" data-elementor-open-lightbox=\"yes\" data-elementor-lightbox-slideshow=\"all-a7be295\" data-elementor-lightbox-title=\"Klip &amp; Klar Reinigungen GmbH\" data-e-action-hash=\"#elementor-action%3Aaction%3Dlightbox%26settings%3DeyJpZCI6MzYyNTEsInVybCI6Imh0dHBzOlwvXC93d3cua2xpcHVuZGtsYXIuY2hcL3dwLWNvbnRlbnRcL3VwbG9hZHNcLzIwMjRcLzEyXC9JTUdfMzQ2OS1zY2FsZWQuanBlZyIsInNsaWRlc2hvdyI6ImFsbC1hN2JlMjk1In0%3D\">\n\t\t\t\t\t<div class=\"e-gallery-image elementor-gallery-item__image\" data-thumbnail=\"https:\/\/www.klipundklar.ch\/wp-content\/uploads\/2024\/12\/IMG_3469-768x1024.jpeg\" data-width=\"768\" data-height=\"1024\" alt=\"\" ><\/div>\n\t\t\t\t\t\t\t\t\t\t\t<div class=\"elementor-gallery-item__overlay\"><\/div>\n\t\t\t\t\t\t\t\t\t\t\t\t\t\t<\/a>\n\t\t\t\t\t\t\t<a class=\"e-gallery-item elementor-gallery-item elementor-animated-content\" href=\"https:\/\/www.klipundklar.ch\/wp-content\/uploads\/2024\/12\/IMG_2336-scaled.jpeg\" data-elementor-open-lightbox=\"yes\" data-elementor-lightbox-slideshow=\"all-a7be295\" data-elementor-lightbox-title=\"Klip &amp; Klar Reinigungen GmbH\" data-e-action-hash=\"#elementor-action%3Aaction%3Dlightbox%26settings%3DeyJpZCI6MzYyNDUsInVybCI6Imh0dHBzOlwvXC93d3cua2xpcHVuZGtsYXIuY2hcL3dwLWNvbnRlbnRcL3VwbG9hZHNcLzIwMjRcLzEyXC9JTUdfMjMzNi1zY2FsZWQuanBlZyIsInNsaWRlc2hvdyI6ImFsbC1hN2JlMjk1In0%3D\">\n\t\t\t\t\t<div class=\"e-gallery-image elementor-gallery-item__image\" data-thumbnail=\"https:\/\/www.klipundklar.ch\/wp-content\/uploads\/2024\/12\/IMG_2336-768x1024.jpeg\" data-width=\"768\" data-height=\"1024\" alt=\"\" ><\/div>\n\t\t\t\t\t\t\t\t\t\t\t<div class=\"elementor-gallery-item__overlay\"><\/div>\n\t\t\t\t\t\t\t\t\t\t\t\t\t\t<\/a>\n\t\t\t\t\t\t\t<a class=\"e-gallery-item elementor-gallery-item elementor-animated-content\" href=\"https:\/\/www.klipundklar.ch\/wp-content\/uploads\/2024\/12\/IMG_3444-scaled.jpeg\" data-elementor-open-lightbox=\"yes\" data-elementor-lightbox-slideshow=\"all-a7be295\" data-elementor-lightbox-title=\"Klip &amp; Klar Reinigungen GmbH\" data-e-action-hash=\"#elementor-action%3Aaction%3Dlightbox%26settings%3DeyJpZCI6MzYyNTAsInVybCI6Imh0dHBzOlwvXC93d3cua2xpcHVuZGtsYXIuY2hcL3dwLWNvbnRlbnRcL3VwbG9hZHNcLzIwMjRcLzEyXC9JTUdfMzQ0NC1zY2FsZWQuanBlZyIsInNsaWRlc2hvdyI6ImFsbC1hN2JlMjk1In0%3D\">\n\t\t\t\t\t<div class=\"e-gallery-image elementor-gallery-item__image\" data-thumbnail=\"https:\/\/www.klipundklar.ch\/wp-content\/uploads\/2024\/12\/IMG_3444-768x1024.jpeg\" data-width=\"768\" data-height=\"1024\" alt=\"\" ><\/div>\n\t\t\t\t\t\t\t\t\t\t\t<div class=\"elementor-gallery-item__overlay\"><\/div>\n\t\t\t\t\t\t\t\t\t\t\t\t\t\t<\/a>\n\t\t\t\t\t\t\t<a class=\"e-gallery-item elementor-gallery-item elementor-animated-content\" href=\"https:\/\/www.klipundklar.ch\/wp-content\/uploads\/2024\/12\/IMG_4232-scaled.jpeg\" data-elementor-open-lightbox=\"yes\" data-elementor-lightbox-slideshow=\"all-a7be295\" data-elementor-lightbox-title=\"Klip &amp; Klar Reinigungen GmbH\" data-e-action-hash=\"#elementor-action%3Aaction%3Dlightbox%26settings%3DeyJpZCI6MzYyMzgsInVybCI6Imh0dHBzOlwvXC93d3cua2xpcHVuZGtsYXIuY2hcL3dwLWNvbnRlbnRcL3VwbG9hZHNcLzIwMjRcLzEyXC9JTUdfNDIzMi1zY2FsZWQuanBlZyIsInNsaWRlc2hvdyI6ImFsbC1hN2JlMjk1In0%3D\">\n\t\t\t\t\t<div class=\"e-gallery-image elementor-gallery-item__image\" data-thumbnail=\"https:\/\/www.klipundklar.ch\/wp-content\/uploads\/2024\/12\/IMG_4232-768x1024.jpeg\" data-width=\"768\" data-height=\"1024\" alt=\"\" ><\/div>\n\t\t\t\t\t\t\t\t\t\t\t<div class=\"elementor-gallery-item__overlay\"><\/div>\n\t\t\t\t\t\t\t\t\t\t\t\t\t\t<\/a>\n\t\t\t\t\t\t\t<a class=\"e-gallery-item elementor-gallery-item elementor-animated-content\" href=\"https:\/\/www.klipundklar.ch\/wp-content\/uploads\/2024\/12\/IMG_4230-scaled.jpeg\" data-elementor-open-lightbox=\"yes\" data-elementor-lightbox-slideshow=\"all-a7be295\" data-elementor-lightbox-title=\"Klip &amp; Klar Reinigungen GmbH\" data-e-action-hash=\"#elementor-action%3Aaction%3Dlightbox%26settings%3DeyJpZCI6MzYyNTUsInVybCI6Imh0dHBzOlwvXC93d3cua2xpcHVuZGtsYXIuY2hcL3dwLWNvbnRlbnRcL3VwbG9hZHNcLzIwMjRcLzEyXC9JTUdfNDIzMC1zY2FsZWQuanBlZyIsInNsaWRlc2hvdyI6ImFsbC1hN2JlMjk1In0%3D\">\n\t\t\t\t\t<div class=\"e-gallery-image elementor-gallery-item__image\" data-thumbnail=\"https:\/\/www.klipundklar.ch\/wp-content\/uploads\/2024\/12\/IMG_4230-768x1024.jpeg\" data-width=\"768\" data-height=\"1024\" alt=\"\" ><\/div>\n\t\t\t\t\t\t\t\t\t\t\t<div class=\"elementor-gallery-item__overlay\"><\/div>\n\t\t\t\t\t\t\t\t\t\t\t\t\t\t<\/a>\n\t\t\t\t\t\t\t<a class=\"e-gallery-item elementor-gallery-item elementor-animated-content\" href=\"https:\/\/www.klipundklar.ch\/wp-content\/uploads\/2024\/12\/IMG_4008-scaled.jpeg\" data-elementor-open-lightbox=\"yes\" data-elementor-lightbox-slideshow=\"all-a7be295\" data-elementor-lightbox-title=\"Klip &amp; Klar Reinigungen GmbH\" data-e-action-hash=\"#elementor-action%3Aaction%3Dlightbox%26settings%3DeyJpZCI6MzYyNTQsInVybCI6Imh0dHBzOlwvXC93d3cua2xpcHVuZGtsYXIuY2hcL3dwLWNvbnRlbnRcL3VwbG9hZHNcLzIwMjRcLzEyXC9JTUdfNDAwOC1zY2FsZWQuanBlZyIsInNsaWRlc2hvdyI6ImFsbC1hN2JlMjk1In0%3D\">\n\t\t\t\t\t<div class=\"e-gallery-image elementor-gallery-item__image\" data-thumbnail=\"https:\/\/www.klipundklar.ch\/wp-content\/uploads\/2024\/12\/IMG_4008-768x1024.jpeg\" data-width=\"768\" data-height=\"1024\" alt=\"\" ><\/div>\n\t\t\t\t\t\t\t\t\t\t\t<div class=\"elementor-gallery-item__overlay\"><\/div>\n\t\t\t\t\t\t\t\t\t\t\t\t\t\t<\/a>\n\t\t\t\t\t\t\t<a class=\"e-gallery-item elementor-gallery-item elementor-animated-content\" href=\"https:\/\/www.klipundklar.ch\/wp-content\/uploads\/2024\/12\/IMG_3840-scaled.jpeg\" data-elementor-open-lightbox=\"yes\" data-elementor-lightbox-slideshow=\"all-a7be295\" data-elementor-lightbox-title=\"Klip &amp; Klar Reinigungen GmbH\" data-e-action-hash=\"#elementor-action%3Aaction%3Dlightbox%26settings%3DeyJpZCI6MzYyNTMsInVybCI6Imh0dHBzOlwvXC93d3cua2xpcHVuZGtsYXIuY2hcL3dwLWNvbnRlbnRcL3VwbG9hZHNcLzIwMjRcLzEyXC9JTUdfMzg0MC1zY2FsZWQuanBlZyIsInNsaWRlc2hvdyI6ImFsbC1hN2JlMjk1In0%3D\">\n\t\t\t\t\t<div class=\"e-gallery-image elementor-gallery-item__image\" data-thumbnail=\"https:\/\/www.klipundklar.ch\/wp-content\/uploads\/2024\/12\/IMG_3840-768x1024.jpeg\" data-width=\"768\" data-height=\"1024\" alt=\"\" ><\/div>\n\t\t\t\t\t\t\t\t\t\t\t<div class=\"elementor-gallery-item__overlay\"><\/div>\n\t\t\t\t\t\t\t\t\t\t\t\t\t\t<\/a>\n\t\t\t\t\t<\/div>\n\t\t\t<\/div>\n\t\t\t\t<\/div>\n\t\t\t\t\t<\/div>\n\t\t<\/div>\n\t\t\t\t\t\t\t<\/div>\n\t\t<\/section>\n\t\t\t\t\t\t\t<\/div>","protected":false},"excerpt":{"rendered":"<p>hauswartung Zuverl\u00e4ssige Betreuung Leistungen Hauswartung \u2013 Ihr Rundum-Service f\u00fcr eine gepflegte Immobilie Eine gut betreute Immobilie vermittelt nicht nur einen positiven ersten Eindruck, sondern tr\u00e4gt auch zur langfristigen Werterhaltung bei. Mit unserem Hauswartungsservice bieten wir Ihnen ein umfassendes Paket, das alle wesentlichen Aufgaben rund um Ihre Geb\u00e4ude- und Aussenpflege abdeckt. Ob es um die Reinigung [&hellip;]<\/p>","protected":false},"author":1,"featured_media":0,"parent":0,"menu_order":7,"comment_status":"closed","ping_status":"closed","template":"elementor_header_footer","meta":{"footnotes":""},"yoast_head":"<!-- This site is optimized with the Yoast SEO plugin v21.4 - https:\/\/yoast.com\/wordpress\/plugins\/seo\/ -->\n<title>Hauswartung - Klip &amp; Klar Reinigungen GmbH<\/title>\n<meta name=\"robots\" content=\"index, follow, max-snippet:-1, max-image-preview:large, max-video-preview:-1\" \/>\n<link rel=\"canonical\" href=\"https:\/\/www.klipundklar.ch\/en\/hauswartung\/\" \/>\n<meta property=\"og:locale\" content=\"en_US\" \/>\n<meta property=\"og:type\" content=\"article\" \/>\n<meta property=\"og:title\" content=\"Hauswartung - Klip &amp; Klar Reinigungen GmbH\" \/>\n<meta property=\"og:description\" content=\"hauswartung Zuverl\u00e4ssige Betreuung Leistungen Hauswartung \u2013 Ihr Rundum-Service f\u00fcr eine gepflegte Immobilie Eine gut betreute Immobilie vermittelt nicht nur einen positiven ersten Eindruck, sondern tr\u00e4gt auch zur langfristigen Werterhaltung bei. Mit unserem Hauswartungsservice bieten wir Ihnen ein umfassendes Paket, das alle wesentlichen Aufgaben rund um Ihre Geb\u00e4ude- und Aussenpflege abdeckt. Ob es um die Reinigung [&hellip;]\" \/>\n<meta property=\"og:url\" content=\"https:\/\/www.klipundklar.ch\/en\/hauswartung\/\" \/>\n<meta property=\"og:site_name\" content=\"Klip &amp; Klar Reinigungen GmbH\" \/>\n<meta property=\"article:modified_time\" content=\"2025-01-06T10:10:55+00:00\" \/>\n<meta property=\"og:image\" content=\"https:\/\/www.klipundklar.ch\/wp-content\/uploads\/2023\/11\/KlippKlarr2.jpg\" \/>\n\t<meta property=\"og:image:width\" content=\"1024\" \/>\n\t<meta property=\"og:image:height\" content=\"1024\" \/>\n\t<meta property=\"og:image:type\" content=\"image\/jpeg\" \/>\n<meta name=\"twitter:card\" content=\"summary_large_image\" \/>\n<meta name=\"twitter:label1\" content=\"Est. reading time\" \/>\n\t<meta name=\"twitter:data1\" content=\"1 minute\" \/>\n<script type=\"application\/ld+json\" class=\"yoast-schema-graph\">{\"@context\":\"https:\/\/schema.org\",\"@graph\":[{\"@type\":\"WebPage\",\"@id\":\"https:\/\/www.klipundklar.ch\/hauswartung\/\",\"url\":\"https:\/\/www.klipundklar.ch\/hauswartung\/\",\"name\":\"Hauswartung - Klip &amp; Klar Reinigungen GmbH\",\"isPartOf\":{\"@id\":\"https:\/\/www.klipundklar.ch\/#website\"},\"datePublished\":\"2024-12-30T14:46:20+00:00\",\"dateModified\":\"2025-01-06T10:10:55+00:00\",\"breadcrumb\":{\"@id\":\"https:\/\/www.klipundklar.ch\/hauswartung\/#breadcrumb\"},\"inLanguage\":\"en-US\",\"potentialAction\":[{\"@type\":\"ReadAction\",\"target\":[\"https:\/\/www.klipundklar.ch\/hauswartung\/\"]}]},{\"@type\":\"BreadcrumbList\",\"@id\":\"https:\/\/www.klipundklar.ch\/hauswartung\/#breadcrumb\",\"itemListElement\":[{\"@type\":\"ListItem\",\"position\":1,\"name\":\"Home\",\"item\":\"https:\/\/www.klipundklar.ch\/\"},{\"@type\":\"ListItem\",\"position\":2,\"name\":\"Hauswartung\"}]},{\"@type\":\"WebSite\",\"@id\":\"https:\/\/www.klipundklar.ch\/#website\",\"url\":\"https:\/\/www.klipundklar.ch\/\",\"name\":\"Klip & Klar Reinigungen GmbH\",\"description\":\"\",\"publisher\":{\"@id\":\"https:\/\/www.klipundklar.ch\/#organization\"},\"inLanguage\":\"en-US\"},{\"@type\":\"Organization\",\"@id\":\"https:\/\/www.klipundklar.ch\/#organization\",\"name\":\"Klip & Klar Reinigungen GmbH\",\"url\":\"https:\/\/www.klipundklar.ch\/\",\"logo\":{\"@type\":\"ImageObject\",\"inLanguage\":\"en-US\",\"@id\":\"https:\/\/www.klipundklar.ch\/#\/schema\/logo\/image\/\",\"url\":\"https:\/\/www.klipundklar.ch\/wp-content\/uploads\/2023\/10\/Untitled-22.jpg\",\"contentUrl\":\"https:\/\/www.klipundklar.ch\/wp-content\/uploads\/2023\/10\/Untitled-22.jpg\",\"width\":512,\"height\":512,\"caption\":\"Klip & Klar Reinigungen GmbH\"},\"image\":{\"@id\":\"https:\/\/www.klipundklar.ch\/#\/schema\/logo\/image\/\"}}]}<\/script>\n<!-- \/ Yoast SEO plugin. -->","yoast_head_json":{"title":"Hauswartung - Klip &amp; Klar Reinigungen GmbH","robots":{"index":"index","follow":"follow","max-snippet":"max-snippet:-1","max-image-preview":"max-image-preview:large","max-video-preview":"max-video-preview:-1"},"canonical":"https:\/\/www.klipundklar.ch\/en\/hauswartung\/","og_locale":"en_US","og_type":"article","og_title":"Hauswartung - Klip &amp; Klar Reinigungen GmbH","og_description":"hauswartung Zuverl\u00e4ssige Betreuung Leistungen Hauswartung \u2013 Ihr Rundum-Service f\u00fcr eine gepflegte Immobilie Eine gut betreute Immobilie vermittelt nicht nur einen positiven ersten Eindruck, sondern tr\u00e4gt auch zur langfristigen Werterhaltung bei. Mit unserem Hauswartungsservice bieten wir Ihnen ein umfassendes Paket, das alle wesentlichen Aufgaben rund um Ihre Geb\u00e4ude- und Aussenpflege abdeckt. Ob es um die Reinigung [&hellip;]","og_url":"https:\/\/www.klipundklar.ch\/en\/hauswartung\/","og_site_name":"Klip &amp; Klar Reinigungen GmbH","article_modified_time":"2025-01-06T10:10:55+00:00","og_image":[{"width":1024,"height":1024,"url":"https:\/\/www.klipundklar.ch\/wp-content\/uploads\/2023\/11\/KlippKlarr2.jpg","type":"image\/jpeg"}],"twitter_card":"summary_large_image","twitter_misc":{"Est. reading time":"1 minute"},"schema":{"@context":"https:\/\/schema.org","@graph":[{"@type":"WebPage","@id":"https:\/\/www.klipundklar.ch\/hauswartung\/","url":"https:\/\/www.klipundklar.ch\/hauswartung\/","name":"Hauswartung - Klip &amp; Klar Reinigungen GmbH","isPartOf":{"@id":"https:\/\/www.klipundklar.ch\/#website"},"datePublished":"2024-12-30T14:46:20+00:00","dateModified":"2025-01-06T10:10:55+00:00","breadcrumb":{"@id":"https:\/\/www.klipundklar.ch\/hauswartung\/#breadcrumb"},"inLanguage":"en-US","potentialAction":[{"@type":"ReadAction","target":["https:\/\/www.klipundklar.ch\/hauswartung\/"]}]},{"@type":"BreadcrumbList","@id":"https:\/\/www.klipundklar.ch\/hauswartung\/#breadcrumb","itemListElement":[{"@type":"ListItem","position":1,"name":"Home","item":"https:\/\/www.klipundklar.ch\/"},{"@type":"ListItem","position":2,"name":"Hauswartung"}]},{"@type":"WebSite","@id":"https:\/\/www.klipundklar.ch\/#website","url":"https:\/\/www.klipundklar.ch\/","name":"Klip & Klar Reinigungen GmbH","description":"","publisher":{"@id":"https:\/\/www.klipundklar.ch\/#organization"},"inLanguage":"en-US"},{"@type":"Organization","@id":"https:\/\/www.klipundklar.ch\/#organization","name":"Klip & Klar Reinigungen GmbH","url":"https:\/\/www.klipundklar.ch\/","logo":{"@type":"ImageObject","inLanguage":"en-US","@id":"https:\/\/www.klipundklar.ch\/#\/schema\/logo\/image\/","url":"https:\/\/www.klipundklar.ch\/wp-content\/uploads\/2023\/10\/Untitled-22.jpg","contentUrl":"https:\/\/www.klipundklar.ch\/wp-content\/uploads\/2023\/10\/Untitled-22.jpg","width":512,"height":512,"caption":"Klip & Klar Reinigungen GmbH"},"image":{"@id":"https:\/\/www.klipundklar.ch\/#\/schema\/logo\/image\/"}}]}},"_links":{"self":[{"href":"https:\/\/www.klipundklar.ch\/en\/wp-json\/wp\/v2\/pages\/36221"}],"collection":[{"href":"https:\/\/www.klipundklar.ch\/en\/wp-json\/wp\/v2\/pages"}],"about":[{"href":"https:\/\/www.klipundklar.ch\/en\/wp-json\/wp\/v2\/types\/page"}],"author":[{"embeddable":true,"href":"https:\/\/www.klipundklar.ch\/en\/wp-json\/wp\/v2\/users\/1"}],"replies":[{"embeddable":true,"href":"https:\/\/www.klipundklar.ch\/en\/wp-json\/wp\/v2\/comments?post=36221"}],"version-history":[{"count":43,"href":"https:\/\/www.klipundklar.ch\/en\/wp-json\/wp\/v2\/pages\/36221\/revisions"}],"predecessor-version":[{"id":36323,"href":"https:\/\/www.klipundklar.ch\/en\/wp-json\/wp\/v2\/pages\/36221\/revisions\/36323"}],"wp:attachment":[{"href":"https:\/\/www.klipundklar.ch\/en\/wp-json\/wp\/v2\/media?parent=36221"}],"curies":[{"name":"wp","href":"https:\/\/api.w.org\/{rel}","templated":true}]}}