{"id":33234,"date":"2023-10-30T13:30:30","date_gmt":"2023-10-30T12:30:30","guid":{"rendered":"https:\/\/klipundklar.ch\/?page_id=33234"},"modified":"2024-02-23T11:09:29","modified_gmt":"2024-02-23T10:09:29","slug":"unterhaltsreinigung","status":"publish","type":"page","link":"https:\/\/www.klipundklar.ch\/en\/unterhaltsreinigung\/","title":{"rendered":"Unterhaltsreinigung"},"content":{"rendered":"<div data-elementor-type=\"wp-page\" data-elementor-id=\"33234\" class=\"elementor elementor-33234\">\n\t\t\t\t\t\t\t\t\t<section class=\"elementor-section elementor-top-section elementor-element elementor-element-24b8b26 elementor-section-height-min-height elementor-section-boxed elementor-section-height-default elementor-section-items-middle\" data-id=\"24b8b26\" data-element_type=\"section\" data-settings=\"{&quot;_ha_eqh_enable&quot;:false}\">\n\t\t\t\t\t\t<div class=\"elementor-container elementor-column-gap-default\">\n\t\t\t\t\t<div class=\"elementor-column elementor-col-100 elementor-top-column elementor-element elementor-element-fe22194\" data-id=\"fe22194\" data-element_type=\"column\">\n\t\t\t<div class=\"elementor-widget-wrap elementor-element-populated\">\n\t\t\t\t\t\t\t\t<div class=\"elementor-element elementor-element-ac56e8e elementor-widget__width-auto elementor-widget elementor-widget-heading\" data-id=\"ac56e8e\" data-element_type=\"widget\" data-widget_type=\"heading.default\">\n\t\t\t\t<div class=\"elementor-widget-container\">\n\t\t\t<h2 class=\"elementor-heading-title elementor-size-default\">Unterhaltsreinigung<\/h2>\t\t<\/div>\n\t\t\t\t<\/div>\n\t\t\t\t<div class=\"elementor-element elementor-element-58a0e7e elementor-widget elementor-widget-heading\" data-id=\"58a0e7e\" data-element_type=\"widget\" data-widget_type=\"heading.default\">\n\t\t\t\t<div class=\"elementor-widget-container\">\n\t\t\t<h2 class=\"elementor-heading-title elementor-size-default\">Innen <span style=\"color: #D9528F;\">und aussen<\/span><\/h2>\t\t<\/div>\n\t\t\t\t<\/div>\n\t\t\t\t\t<\/div>\n\t\t<\/div>\n\t\t\t\t\t\t\t<\/div>\n\t\t<\/section>\n\t\t\t\t<section class=\"elementor-section elementor-top-section elementor-element elementor-element-948863b elementor-section-boxed elementor-section-height-default elementor-section-height-default\" data-id=\"948863b\" data-element_type=\"section\" data-settings=\"{&quot;background_background&quot;:&quot;classic&quot;,&quot;_ha_eqh_enable&quot;:false}\">\n\t\t\t\t\t\t<div class=\"elementor-container elementor-column-gap-default\">\n\t\t\t\t\t<div class=\"elementor-column elementor-col-100 elementor-top-column elementor-element elementor-element-efe41a1\" data-id=\"efe41a1\" data-element_type=\"column\" data-settings=\"{&quot;background_background&quot;:&quot;classic&quot;}\">\n\t\t\t<div class=\"elementor-widget-wrap elementor-element-populated\">\n\t\t\t\t\t\t\t\t<div class=\"elementor-element elementor-element-7f960c0 elementor-widget elementor-widget-spacer\" data-id=\"7f960c0\" data-element_type=\"widget\" data-widget_type=\"spacer.default\">\n\t\t\t\t<div class=\"elementor-widget-container\">\n\t\t\t\t\t<div class=\"elementor-spacer\">\n\t\t\t<div class=\"elementor-spacer-inner\"><\/div>\n\t\t<\/div>\n\t\t\t\t<\/div>\n\t\t\t\t<\/div>\n\t\t\t\t\t<\/div>\n\t\t<\/div>\n\t\t\t\t\t\t\t<\/div>\n\t\t<\/section>\n\t\t\t\t<section class=\"elementor-section elementor-top-section elementor-element elementor-element-f92c87b elementor-section-boxed elementor-section-height-default elementor-section-height-default\" data-id=\"f92c87b\" data-element_type=\"section\" data-settings=\"{&quot;background_background&quot;:&quot;classic&quot;,&quot;_ha_eqh_enable&quot;:false}\">\n\t\t\t\t\t\t<div class=\"elementor-container elementor-column-gap-default\">\n\t\t\t\t\t<div class=\"elementor-column elementor-col-50 elementor-top-column elementor-element elementor-element-04ddc74\" data-id=\"04ddc74\" data-element_type=\"column\">\n\t\t\t<div class=\"elementor-widget-wrap elementor-element-populated\">\n\t\t\t\t\t\t\t\t<div class=\"elementor-element elementor-element-a9de18a elementor-widget__width-auto elementor-widget elementor-widget-heading\" data-id=\"a9de18a\" data-element_type=\"widget\" data-widget_type=\"heading.default\">\n\t\t\t\t<div class=\"elementor-widget-container\">\n\t\t\t<h2 class=\"elementor-heading-title elementor-size-default\">Leistungen<\/h2>\t\t<\/div>\n\t\t\t\t<\/div>\n\t\t\t\t\t<\/div>\n\t\t<\/div>\n\t\t\t\t<div class=\"elementor-column elementor-col-50 elementor-top-column elementor-element elementor-element-c9fb7ac\" data-id=\"c9fb7ac\" data-element_type=\"column\">\n\t\t\t<div class=\"elementor-widget-wrap elementor-element-populated\">\n\t\t\t\t\t\t\t\t<div class=\"elementor-element elementor-element-bdfb35b elementor-widget elementor-widget-heading\" data-id=\"bdfb35b\" data-element_type=\"widget\" data-widget_type=\"heading.default\">\n\t\t\t\t<div class=\"elementor-widget-container\">\n\t\t\t<h2 class=\"elementor-heading-title elementor-size-default\">Mit regelm\u00e4ssigen Reinigungen halten wir Ihr Geb\u00e4ude und Ihre R\u00e4umlichkeiten dauerhaft in einem tadellosen Zustand.<\/h2>\t\t<\/div>\n\t\t\t\t<\/div>\n\t\t\t\t<div class=\"elementor-element elementor-element-cf28e7b elementor-widget elementor-widget-text-editor\" data-id=\"cf28e7b\" data-element_type=\"widget\" data-widget_type=\"text-editor.default\">\n\t\t\t\t<div class=\"elementor-widget-container\">\n\t\t\t\t\t\t\t<p>F\u00fcr einen gepflegten Eindruck einer Immobilie empfiehlt es sich, den Innen- und Aussenbereich in Schuss zu halten. Wir k\u00fcmmern uns um ausgew\u00e4hlte Bereiche wie das B\u00fcro oder Treppenhaus ebenso wie um die Hauswartung inklusive Reinigungs- und Umgebungsarbeiten wie Rasenm\u00e4hen, Laubentfernung etc. Neben privaten und\u00a0 gesch\u00e4ftlichen Geb\u00e4uden sind wir auch f\u00fcr \u00f6ffentliche Einrichtungen wie den Z\u00fcrcher Zoo im Einsatz und halten dort die Gehwege und Sanit\u00e4ranlagen in einem Topzustand.<\/p><p>Die topmoderne Ausstattung, effiziente Arbeitsweise und einige spezielle Arbeiten unterscheiden Klip &amp; Klar Reinigungen von anderen Dienstleistern der Branche. Von diesen Besonderheiten profitieren Sie als Kunde:<\/p>\t\t\t\t\t\t<\/div>\n\t\t\t\t<\/div>\n\t\t\t\t<div class=\"elementor-element elementor-element-10bad5e elementor-widget elementor-widget-eael-adv-accordion\" data-id=\"10bad5e\" data-element_type=\"widget\" data-widget_type=\"eael-adv-accordion.default\">\n\t\t\t\t<div class=\"elementor-widget-container\">\n\t\t\t        <div class=\"eael-adv-accordion\" id=\"eael-adv-accordion-10bad5e\" data-accordion-id=\"10bad5e\" data-accordion-type=\"accordion\" data-toogle-speed=\"300\">\n    <div class=\"eael-accordion-list\">\n                <div id=\"professionelle-reinigung-von-einstellhallen-und-tiefgaragen\" class=\"elementor-tab-title eael-accordion-header\" tabindex=\"0\" data-tab=\"1\" aria-controls=\"elementor-tab-content-1751\"><span class=\"eael-accordion-tab-title\">Professionelle Reinigung von Einstellhallen und Tiefgaragen<\/span><span class=\"eael-advanced-accordion-icon-closed\"><i aria-hidden=\"true\" class=\"fa-accordion-icon icon icon-plus\"><\/i><\/span><span class=\"eael-advanced-accordion-icon-opened\"><i aria-hidden=\"true\" class=\"fa-accordion-icon icon icon-minus\"><\/i><\/span><\/div><div id=\"elementor-tab-content-1751\" class=\"eael-accordion-content clearfix\" data-tab=\"1\" aria-labelledby=\"professionelle-reinigung-von-einstellhallen-und-tiefgaragen\"><p><p>Unsere Dienstleistungen umfassen die professionelle Reinigung von Einstellhallen und Tiefgaragen. Wir setzen auf effiziente Reinigungstechniken, um nicht nur Sauberkeit, sondern auch eine angenehme Umgebung f\u00fcr Ihre Fahrzeuge und G\u00e4ste zu gew\u00e4hrleisten.<\/p><\/p><\/div>\n                <\/div><div class=\"eael-accordion-list\">\n                <div id=\"nachhaltige-bodenrenovierung-mit-2k-beschichtungen\" class=\"elementor-tab-title eael-accordion-header\" tabindex=\"0\" data-tab=\"2\" aria-controls=\"elementor-tab-content-1752\"><span class=\"eael-accordion-tab-title\">Nachhaltige Bodenrenovierung mit 2K-Beschichtungen<\/span><span class=\"eael-advanced-accordion-icon-closed\"><i aria-hidden=\"true\" class=\"fa-accordion-icon icon icon-plus\"><\/i><\/span><span class=\"eael-advanced-accordion-icon-opened\"><i aria-hidden=\"true\" class=\"fa-accordion-icon icon icon-minus\"><\/i><\/span><\/div><div id=\"elementor-tab-content-1752\" class=\"eael-accordion-content clearfix\" data-tab=\"2\" aria-labelledby=\"nachhaltige-bodenrenovierung-mit-2k-beschichtungen\"><p><p>Wir pr\u00e4sentieren eine nachhaltige L\u00f6sung f\u00fcr die Bodenrenovierung. Durch den Einsatz von 2K-Beschichtungen verleihen wir alten B\u00f6den nicht nur ein frisches Aussehen, sondern bieten auch eine strapazierf\u00e4hige Schutzschicht f\u00fcr lang anhaltende \u00c4sthetik.<\/p><\/p><\/div>\n                <\/div><div class=\"eael-accordion-list\">\n                <div id=\"holzbden-erstrahlen-lassen-mit-grundreinigung-und-lung\" class=\"elementor-tab-title eael-accordion-header\" tabindex=\"0\" data-tab=\"3\" aria-controls=\"elementor-tab-content-1753\"><span class=\"eael-accordion-tab-title\">Holzb\u00f6den erstrahlen lassen mit Grundreinigung und \u00d6lung<\/span><span class=\"eael-advanced-accordion-icon-closed\"><i aria-hidden=\"true\" class=\"fa-accordion-icon icon icon-plus\"><\/i><\/span><span class=\"eael-advanced-accordion-icon-opened\"><i aria-hidden=\"true\" class=\"fa-accordion-icon icon icon-minus\"><\/i><\/span><\/div><div id=\"elementor-tab-content-1753\" class=\"eael-accordion-content clearfix\" data-tab=\"3\" aria-labelledby=\"holzbden-erstrahlen-lassen-mit-grundreinigung-und-lung\"><p><p>Unsere professionelle Dienstleistung beinhaltet die Grundreinigung und \u00d6lung von Holzb\u00f6den. Wir verleihen Ihren B\u00f6den neuen Glanz, indem wir Schmutz entfernen und eine hochwertige \u00d6lschicht auftragen, die ihre nat\u00fcrliche Sch\u00f6nheit betont.<\/p><\/p><\/div>\n                <\/div><\/div>\t\t<\/div>\n\t\t\t\t<\/div>\n\t\t\t\t<div class=\"elementor-element elementor-element-4daa62d elementor-icon-list--layout-traditional elementor-list-item-link-full_width elementor-widget elementor-widget-icon-list\" data-id=\"4daa62d\" data-element_type=\"widget\" data-widget_type=\"icon-list.default\">\n\t\t\t\t<div class=\"elementor-widget-container\">\n\t\t\t\t\t<ul class=\"elementor-icon-list-items\">\n\t\t\t\t\t\t\t<li class=\"elementor-icon-list-item\">\n\t\t\t\t\t\t\t\t\t\t\t<span class=\"elementor-icon-list-icon\">\n\t\t\t\t\t\t\t<i aria-hidden=\"true\" class=\"icon icon-check\"><\/i>\t\t\t\t\t\t<\/span>\n\t\t\t\t\t\t\t\t\t\t<span class=\"elementor-icon-list-text\">B\u00fcrounterhalt<\/span>\n\t\t\t\t\t\t\t\t\t<\/li>\n\t\t\t\t\t\t\t\t<li class=\"elementor-icon-list-item\">\n\t\t\t\t\t\t\t\t\t\t\t<span class=\"elementor-icon-list-icon\">\n\t\t\t\t\t\t\t<i aria-hidden=\"true\" class=\"icon icon-check\"><\/i>\t\t\t\t\t\t<\/span>\n\t\t\t\t\t\t\t\t\t\t<span class=\"elementor-icon-list-text\">Bodenrenovierung<\/span>\n\t\t\t\t\t\t\t\t\t<\/li>\n\t\t\t\t\t\t\t\t<li class=\"elementor-icon-list-item\">\n\t\t\t\t\t\t\t\t\t\t\t<span class=\"elementor-icon-list-icon\">\n\t\t\t\t\t\t\t<i aria-hidden=\"true\" class=\"icon icon-check\"><\/i>\t\t\t\t\t\t<\/span>\n\t\t\t\t\t\t\t\t\t\t<span class=\"elementor-icon-list-text\">Hauswartung<\/span>\n\t\t\t\t\t\t\t\t\t<\/li>\n\t\t\t\t\t\t\t\t<li class=\"elementor-icon-list-item\">\n\t\t\t\t\t\t\t\t\t\t\t<span class=\"elementor-icon-list-icon\">\n\t\t\t\t\t\t\t<i aria-hidden=\"true\" class=\"icon icon-check\"><\/i>\t\t\t\t\t\t<\/span>\n\t\t\t\t\t\t\t\t\t\t<span class=\"elementor-icon-list-text\">Treppenhausreinigung<\/span>\n\t\t\t\t\t\t\t\t\t<\/li>\n\t\t\t\t\t\t\t\t<li class=\"elementor-icon-list-item\">\n\t\t\t\t\t\t\t\t\t\t\t<span class=\"elementor-icon-list-icon\">\n\t\t\t\t\t\t\t<i aria-hidden=\"true\" class=\"icon icon-check\"><\/i>\t\t\t\t\t\t<\/span>\n\t\t\t\t\t\t\t\t\t\t<span class=\"elementor-icon-list-text\">Garagenreinigung<\/span>\n\t\t\t\t\t\t\t\t\t<\/li>\n\t\t\t\t\t\t\t\t<li class=\"elementor-icon-list-item\">\n\t\t\t\t\t\t\t\t\t\t\t<span class=\"elementor-icon-list-icon\">\n\t\t\t\t\t\t\t<i aria-hidden=\"true\" class=\"icon icon-check\"><\/i>\t\t\t\t\t\t<\/span>\n\t\t\t\t\t\t\t\t\t\t<span class=\"elementor-icon-list-text\">Geb\u00e4udereinigung und Umgebungsarbeiten<\/span>\n\t\t\t\t\t\t\t\t\t<\/li>\n\t\t\t\t\t\t<\/ul>\n\t\t\t\t<\/div>\n\t\t\t\t<\/div>\n\t\t\t\t<div class=\"elementor-element elementor-element-a1f54d3 elementor-widget__width-auto elementor-widget elementor-widget-button\" data-id=\"a1f54d3\" data-element_type=\"widget\" data-widget_type=\"button.default\">\n\t\t\t\t<div class=\"elementor-widget-container\">\n\t\t\t\t\t<div class=\"elementor-button-wrapper\">\n\t\t\t<a class=\"elementor-button elementor-button-link elementor-size-sm\" href=\"https:\/\/www.klipundklar.ch\/en\/kontakt\/\">\n\t\t\t\t\t\t<span class=\"elementor-button-content-wrapper\">\n\t\t\t\t\t\t<span class=\"elementor-button-text\">Contact us<\/span>\n\t\t<\/span>\n\t\t\t\t\t<\/a>\n\t\t<\/div>\n\t\t\t\t<\/div>\n\t\t\t\t<\/div>\n\t\t\t\t\t<\/div>\n\t\t<\/div>\n\t\t\t\t\t\t\t<\/div>\n\t\t<\/section>\n\t\t\t\t<section class=\"elementor-section elementor-top-section elementor-element elementor-element-020c769 elementor-section-boxed elementor-section-height-default elementor-section-height-default\" data-id=\"020c769\" data-element_type=\"section\" data-settings=\"{&quot;background_background&quot;:&quot;classic&quot;,&quot;_ha_eqh_enable&quot;:false}\">\n\t\t\t\t\t\t<div class=\"elementor-container elementor-column-gap-default\">\n\t\t\t\t\t<div class=\"elementor-column elementor-col-100 elementor-top-column elementor-element elementor-element-4d5aecc\" data-id=\"4d5aecc\" data-element_type=\"column\">\n\t\t\t<div class=\"elementor-widget-wrap elementor-element-populated\">\n\t\t\t\t\t\t\t\t<div class=\"elementor-element elementor-element-f9b1936 elementor-widget elementor-widget-gallery\" data-id=\"f9b1936\" data-element_type=\"widget\" data-settings=\"{&quot;columns&quot;:3,&quot;gap&quot;:{&quot;unit&quot;:&quot;px&quot;,&quot;size&quot;:30,&quot;sizes&quot;:[]},&quot;aspect_ratio&quot;:&quot;1:1&quot;,&quot;columns_tablet&quot;:3,&quot;columns_mobile&quot;:3,&quot;gap_tablet&quot;:{&quot;unit&quot;:&quot;px&quot;,&quot;size&quot;:30,&quot;sizes&quot;:[]},&quot;lazyload&quot;:&quot;yes&quot;,&quot;gallery_layout&quot;:&quot;grid&quot;,&quot;gap_mobile&quot;:{&quot;unit&quot;:&quot;px&quot;,&quot;size&quot;:10,&quot;sizes&quot;:[]},&quot;link_to&quot;:&quot;file&quot;,&quot;overlay_background&quot;:&quot;yes&quot;,&quot;content_hover_animation&quot;:&quot;fade-in&quot;}\" data-widget_type=\"gallery.default\">\n\t\t\t\t<div class=\"elementor-widget-container\">\n\t\t\t\t\t<div class=\"elementor-gallery__container\">\n\t\t\t\t\t\t\t<a class=\"e-gallery-item elementor-gallery-item elementor-animated-content\" href=\"https:\/\/www.klipundklar.ch\/wp-content\/uploads\/2023\/11\/image00011-scaled.jpeg\" data-elementor-open-lightbox=\"yes\" data-elementor-lightbox-slideshow=\"all-f9b1936\" data-elementor-lightbox-title=\"Klip &amp; Klar Reinigungen GmbH\" data-e-action-hash=\"#elementor-action%3Aaction%3Dlightbox%26settings%3DeyJpZCI6MzU0MzEsInVybCI6Imh0dHBzOlwvXC93d3cua2xpcHVuZGtsYXIuY2hcL3dwLWNvbnRlbnRcL3VwbG9hZHNcLzIwMjNcLzExXC9pbWFnZTAwMDExLXNjYWxlZC5qcGVnIiwic2xpZGVzaG93IjoiYWxsLWY5YjE5MzYifQ%3D%3D\">\n\t\t\t\t\t<div class=\"e-gallery-image elementor-gallery-item__image\" data-thumbnail=\"https:\/\/www.klipundklar.ch\/wp-content\/uploads\/2023\/11\/image00011-768x1024.jpeg\" data-width=\"768\" data-height=\"1024\" alt=\"\" ><\/div>\n\t\t\t\t\t\t\t\t\t\t\t<div class=\"elementor-gallery-item__overlay\"><\/div>\n\t\t\t\t\t\t\t\t\t\t\t\t\t\t<\/a>\n\t\t\t\t\t\t\t<a class=\"e-gallery-item elementor-gallery-item elementor-animated-content\" href=\"https:\/\/www.klipundklar.ch\/wp-content\/uploads\/2023\/11\/image00004-scaled.jpeg\" data-elementor-open-lightbox=\"yes\" data-elementor-lightbox-slideshow=\"all-f9b1936\" data-elementor-lightbox-title=\"Klip &amp; Klar Reinigungen GmbH\" data-e-action-hash=\"#elementor-action%3Aaction%3Dlightbox%26settings%3DeyJpZCI6MzU0MjUsInVybCI6Imh0dHBzOlwvXC93d3cua2xpcHVuZGtsYXIuY2hcL3dwLWNvbnRlbnRcL3VwbG9hZHNcLzIwMjNcLzExXC9pbWFnZTAwMDA0LXNjYWxlZC5qcGVnIiwic2xpZGVzaG93IjoiYWxsLWY5YjE5MzYifQ%3D%3D\">\n\t\t\t\t\t<div class=\"e-gallery-image elementor-gallery-item__image\" data-thumbnail=\"https:\/\/www.klipundklar.ch\/wp-content\/uploads\/2023\/11\/image00004-768x1024.jpeg\" data-width=\"768\" data-height=\"1024\" alt=\"\" ><\/div>\n\t\t\t\t\t\t\t\t\t\t\t<div class=\"elementor-gallery-item__overlay\"><\/div>\n\t\t\t\t\t\t\t\t\t\t\t\t\t\t<\/a>\n\t\t\t\t\t\t\t<a class=\"e-gallery-item elementor-gallery-item elementor-animated-content\" href=\"https:\/\/www.klipundklar.ch\/wp-content\/uploads\/2023\/11\/image00012-scaled.jpeg\" data-elementor-open-lightbox=\"yes\" data-elementor-lightbox-slideshow=\"all-f9b1936\" data-elementor-lightbox-title=\"Klip &amp; Klar Reinigungen GmbH\" data-e-action-hash=\"#elementor-action%3Aaction%3Dlightbox%26settings%3DeyJpZCI6MzU0MzIsInVybCI6Imh0dHBzOlwvXC93d3cua2xpcHVuZGtsYXIuY2hcL3dwLWNvbnRlbnRcL3VwbG9hZHNcLzIwMjNcLzExXC9pbWFnZTAwMDEyLXNjYWxlZC5qcGVnIiwic2xpZGVzaG93IjoiYWxsLWY5YjE5MzYifQ%3D%3D\">\n\t\t\t\t\t<div class=\"e-gallery-image elementor-gallery-item__image\" data-thumbnail=\"https:\/\/www.klipundklar.ch\/wp-content\/uploads\/2023\/11\/image00012-768x1024.jpeg\" data-width=\"768\" data-height=\"1024\" alt=\"\" ><\/div>\n\t\t\t\t\t\t\t\t\t\t\t<div class=\"elementor-gallery-item__overlay\"><\/div>\n\t\t\t\t\t\t\t\t\t\t\t\t\t\t<\/a>\n\t\t\t\t\t<\/div>\n\t\t\t<\/div>\n\t\t\t\t<\/div>\n\t\t\t\t\t<\/div>\n\t\t<\/div>\n\t\t\t\t\t\t\t<\/div>\n\t\t<\/section>\n\t\t\t\t\t\t\t<\/div>","protected":false},"excerpt":{"rendered":"<p>Unterhaltsreinigung Innen und aussen Leistungen Mit regelm\u00e4ssigen Reinigungen halten wir Ihr Geb\u00e4ude und Ihre R\u00e4umlichkeiten dauerhaft in einem tadellosen Zustand. F\u00fcr einen gepflegten Eindruck einer Immobilie empfiehlt es sich, den Innen- und Aussenbereich in Schuss zu halten. Wir k\u00fcmmern uns um ausgew\u00e4hlte Bereiche wie das B\u00fcro oder Treppenhaus ebenso wie um die Hauswartung inklusive Reinigungs- [&hellip;]<\/p>","protected":false},"author":1,"featured_media":34346,"parent":0,"menu_order":2,"comment_status":"closed","ping_status":"closed","template":"elementor_header_footer","meta":{"footnotes":""},"yoast_head":"<!-- This site is optimized with the Yoast SEO plugin v21.4 - https:\/\/yoast.com\/wordpress\/plugins\/seo\/ -->\n<title>Unterhaltsreinigung - Klip &amp; Klar Reinigungen GmbH<\/title>\n<meta name=\"description\" content=\"Topmoderne Ausstattung, Effizienz und Spezialarbeiten unterscheiden Klip &amp; Klar Reinigungen von anderen in der Unterhaltsreinigung.\" \/>\n<meta name=\"robots\" content=\"index, follow, max-snippet:-1, max-image-preview:large, max-video-preview:-1\" \/>\n<link rel=\"canonical\" href=\"https:\/\/www.klipundklar.ch\/en\/unterhaltsreinigung\/\" \/>\n<meta property=\"og:locale\" content=\"en_US\" \/>\n<meta property=\"og:type\" content=\"article\" \/>\n<meta property=\"og:title\" content=\"Unterhaltsreinigung - Klip &amp; Klar Reinigungen GmbH\" \/>\n<meta property=\"og:description\" content=\"Topmoderne Ausstattung, Effizienz und Spezialarbeiten unterscheiden Klip &amp; Klar Reinigungen von anderen in der Unterhaltsreinigung.\" \/>\n<meta property=\"og:url\" content=\"https:\/\/www.klipundklar.ch\/en\/unterhaltsreinigung\/\" \/>\n<meta property=\"og:site_name\" content=\"Klip &amp; Klar Reinigungen GmbH\" \/>\n<meta property=\"article:modified_time\" content=\"2024-02-23T10:09:29+00:00\" \/>\n<meta property=\"og:image\" content=\"https:\/\/www.klipundklar.ch\/wp-content\/uploads\/2023\/11\/KlippKlarr2.jpg\" \/>\n\t<meta property=\"og:image:width\" content=\"1024\" \/>\n\t<meta property=\"og:image:height\" content=\"1024\" \/>\n\t<meta property=\"og:image:type\" content=\"image\/jpeg\" \/>\n<meta name=\"twitter:card\" content=\"summary_large_image\" \/>\n<meta name=\"twitter:label1\" content=\"Est. reading time\" \/>\n\t<meta name=\"twitter:data1\" content=\"1 minute\" \/>\n<script type=\"application\/ld+json\" class=\"yoast-schema-graph\">{\"@context\":\"https:\/\/schema.org\",\"@graph\":[{\"@type\":\"WebPage\",\"@id\":\"https:\/\/www.klipundklar.ch\/unterhaltsreinigung\/\",\"url\":\"https:\/\/www.klipundklar.ch\/unterhaltsreinigung\/\",\"name\":\"Unterhaltsreinigung - Klip &amp; Klar Reinigungen GmbH\",\"isPartOf\":{\"@id\":\"https:\/\/www.klipundklar.ch\/#website\"},\"datePublished\":\"2023-10-30T12:30:30+00:00\",\"dateModified\":\"2024-02-23T10:09:29+00:00\",\"description\":\"Topmoderne Ausstattung, Effizienz und Spezialarbeiten unterscheiden Klip & Klar Reinigungen von anderen in der Unterhaltsreinigung.\",\"breadcrumb\":{\"@id\":\"https:\/\/www.klipundklar.ch\/unterhaltsreinigung\/#breadcrumb\"},\"inLanguage\":\"en-US\",\"potentialAction\":[{\"@type\":\"ReadAction\",\"target\":[\"https:\/\/www.klipundklar.ch\/unterhaltsreinigung\/\"]}]},{\"@type\":\"BreadcrumbList\",\"@id\":\"https:\/\/www.klipundklar.ch\/unterhaltsreinigung\/#breadcrumb\",\"itemListElement\":[{\"@type\":\"ListItem\",\"position\":1,\"name\":\"Home\",\"item\":\"https:\/\/www.klipundklar.ch\/\"},{\"@type\":\"ListItem\",\"position\":2,\"name\":\"Unterhaltsreinigung\"}]},{\"@type\":\"WebSite\",\"@id\":\"https:\/\/www.klipundklar.ch\/#website\",\"url\":\"https:\/\/www.klipundklar.ch\/\",\"name\":\"Klip & Klar Reinigungen GmbH\",\"description\":\"\",\"publisher\":{\"@id\":\"https:\/\/www.klipundklar.ch\/#organization\"},\"inLanguage\":\"en-US\"},{\"@type\":\"Organization\",\"@id\":\"https:\/\/www.klipundklar.ch\/#organization\",\"name\":\"Klip & Klar Reinigungen GmbH\",\"url\":\"https:\/\/www.klipundklar.ch\/\",\"logo\":{\"@type\":\"ImageObject\",\"inLanguage\":\"en-US\",\"@id\":\"https:\/\/www.klipundklar.ch\/#\/schema\/logo\/image\/\",\"url\":\"https:\/\/www.klipundklar.ch\/wp-content\/uploads\/2023\/10\/Untitled-22.jpg\",\"contentUrl\":\"https:\/\/www.klipundklar.ch\/wp-content\/uploads\/2023\/10\/Untitled-22.jpg\",\"width\":512,\"height\":512,\"caption\":\"Klip & Klar Reinigungen GmbH\"},\"image\":{\"@id\":\"https:\/\/www.klipundklar.ch\/#\/schema\/logo\/image\/\"}}]}<\/script>\n<!-- \/ Yoast SEO plugin. -->","yoast_head_json":{"title":"Unterhaltsreinigung - Klip &amp; Klar Reinigungen GmbH","description":"Topmoderne Ausstattung, Effizienz und Spezialarbeiten unterscheiden Klip & Klar Reinigungen von anderen in der Unterhaltsreinigung.","robots":{"index":"index","follow":"follow","max-snippet":"max-snippet:-1","max-image-preview":"max-image-preview:large","max-video-preview":"max-video-preview:-1"},"canonical":"https:\/\/www.klipundklar.ch\/en\/unterhaltsreinigung\/","og_locale":"en_US","og_type":"article","og_title":"Unterhaltsreinigung - Klip &amp; Klar Reinigungen GmbH","og_description":"Topmoderne Ausstattung, Effizienz und Spezialarbeiten unterscheiden Klip & Klar Reinigungen von anderen in der Unterhaltsreinigung.","og_url":"https:\/\/www.klipundklar.ch\/en\/unterhaltsreinigung\/","og_site_name":"Klip &amp; Klar Reinigungen GmbH","article_modified_time":"2024-02-23T10:09:29+00:00","og_image":[{"width":1024,"height":1024,"url":"https:\/\/www.klipundklar.ch\/wp-content\/uploads\/2023\/11\/KlippKlarr2.jpg","type":"image\/jpeg"}],"twitter_card":"summary_large_image","twitter_misc":{"Est. reading time":"1 minute"},"schema":{"@context":"https:\/\/schema.org","@graph":[{"@type":"WebPage","@id":"https:\/\/www.klipundklar.ch\/unterhaltsreinigung\/","url":"https:\/\/www.klipundklar.ch\/unterhaltsreinigung\/","name":"Unterhaltsreinigung - Klip &amp; Klar Reinigungen GmbH","isPartOf":{"@id":"https:\/\/www.klipundklar.ch\/#website"},"datePublished":"2023-10-30T12:30:30+00:00","dateModified":"2024-02-23T10:09:29+00:00","description":"Topmoderne Ausstattung, Effizienz und Spezialarbeiten unterscheiden Klip & Klar Reinigungen von anderen in der Unterhaltsreinigung.","breadcrumb":{"@id":"https:\/\/www.klipundklar.ch\/unterhaltsreinigung\/#breadcrumb"},"inLanguage":"en-US","potentialAction":[{"@type":"ReadAction","target":["https:\/\/www.klipundklar.ch\/unterhaltsreinigung\/"]}]},{"@type":"BreadcrumbList","@id":"https:\/\/www.klipundklar.ch\/unterhaltsreinigung\/#breadcrumb","itemListElement":[{"@type":"ListItem","position":1,"name":"Home","item":"https:\/\/www.klipundklar.ch\/"},{"@type":"ListItem","position":2,"name":"Unterhaltsreinigung"}]},{"@type":"WebSite","@id":"https:\/\/www.klipundklar.ch\/#website","url":"https:\/\/www.klipundklar.ch\/","name":"Klip & Klar Reinigungen GmbH","description":"","publisher":{"@id":"https:\/\/www.klipundklar.ch\/#organization"},"inLanguage":"en-US"},{"@type":"Organization","@id":"https:\/\/www.klipundklar.ch\/#organization","name":"Klip & Klar Reinigungen GmbH","url":"https:\/\/www.klipundklar.ch\/","logo":{"@type":"ImageObject","inLanguage":"en-US","@id":"https:\/\/www.klipundklar.ch\/#\/schema\/logo\/image\/","url":"https:\/\/www.klipundklar.ch\/wp-content\/uploads\/2023\/10\/Untitled-22.jpg","contentUrl":"https:\/\/www.klipundklar.ch\/wp-content\/uploads\/2023\/10\/Untitled-22.jpg","width":512,"height":512,"caption":"Klip & Klar Reinigungen GmbH"},"image":{"@id":"https:\/\/www.klipundklar.ch\/#\/schema\/logo\/image\/"}}]}},"_links":{"self":[{"href":"https:\/\/www.klipundklar.ch\/en\/wp-json\/wp\/v2\/pages\/33234"}],"collection":[{"href":"https:\/\/www.klipundklar.ch\/en\/wp-json\/wp\/v2\/pages"}],"about":[{"href":"https:\/\/www.klipundklar.ch\/en\/wp-json\/wp\/v2\/types\/page"}],"author":[{"embeddable":true,"href":"https:\/\/www.klipundklar.ch\/en\/wp-json\/wp\/v2\/users\/1"}],"replies":[{"embeddable":true,"href":"https:\/\/www.klipundklar.ch\/en\/wp-json\/wp\/v2\/comments?post=33234"}],"version-history":[{"count":139,"href":"https:\/\/www.klipundklar.ch\/en\/wp-json\/wp\/v2\/pages\/33234\/revisions"}],"predecessor-version":[{"id":36113,"href":"https:\/\/www.klipundklar.ch\/en\/wp-json\/wp\/v2\/pages\/33234\/revisions\/36113"}],"wp:featuredmedia":[{"embeddable":true,"href":"https:\/\/www.klipundklar.ch\/en\/wp-json\/wp\/v2\/media\/34346"}],"wp:attachment":[{"href":"https:\/\/www.klipundklar.ch\/en\/wp-json\/wp\/v2\/media?parent=33234"}],"curies":[{"name":"wp","href":"https:\/\/api.w.org\/{rel}","templated":true}]}}