{"id":33232,"date":"2023-10-30T13:30:19","date_gmt":"2023-10-30T12:30:19","guid":{"rendered":"https:\/\/klipundklar.ch\/?page_id=33232"},"modified":"2024-02-23T10:57:11","modified_gmt":"2024-02-23T09:57:11","slug":"spezialreinigungsarbeiten","status":"publish","type":"page","link":"https:\/\/www.klipundklar.ch\/en\/spezialreinigungsarbeiten\/","title":{"rendered":"Spezialreinigungsarbeiten"},"content":{"rendered":"<div data-elementor-type=\"wp-page\" data-elementor-id=\"33232\" class=\"elementor elementor-33232\">\n\t\t\t\t\t\t\t\t\t<section class=\"elementor-section elementor-top-section elementor-element elementor-element-10a9cd6 elementor-section-height-min-height elementor-section-boxed elementor-section-height-default elementor-section-items-middle\" data-id=\"10a9cd6\" data-element_type=\"section\" data-settings=\"{&quot;_ha_eqh_enable&quot;:false}\">\n\t\t\t\t\t\t<div class=\"elementor-container elementor-column-gap-default\">\n\t\t\t\t\t<div class=\"elementor-column elementor-col-100 elementor-top-column elementor-element elementor-element-e2af7b5\" data-id=\"e2af7b5\" data-element_type=\"column\">\n\t\t\t<div class=\"elementor-widget-wrap elementor-element-populated\">\n\t\t\t\t\t\t\t\t<div class=\"elementor-element elementor-element-bdbade9 elementor-widget__width-auto elementor-widget elementor-widget-heading\" data-id=\"bdbade9\" data-element_type=\"widget\" data-widget_type=\"heading.default\">\n\t\t\t\t<div class=\"elementor-widget-container\">\n\t\t\t<h2 class=\"elementor-heading-title elementor-size-default\">Spezialreinigungen<\/h2>\t\t<\/div>\n\t\t\t\t<\/div>\n\t\t\t\t<div class=\"elementor-element elementor-element-3d62470 elementor-widget elementor-widget-heading\" data-id=\"3d62470\" data-element_type=\"widget\" data-widget_type=\"heading.default\">\n\t\t\t\t<div class=\"elementor-widget-container\">\n\t\t\t<h2 class=\"elementor-heading-title elementor-size-default\">Besondere <span style=\"color: #D9528F;\">Bedingungen<\/span><\/h2>\t\t<\/div>\n\t\t\t\t<\/div>\n\t\t\t\t\t<\/div>\n\t\t<\/div>\n\t\t\t\t\t\t\t<\/div>\n\t\t<\/section>\n\t\t\t\t<section class=\"elementor-section elementor-top-section elementor-element elementor-element-f19cd0c elementor-section-boxed elementor-section-height-default elementor-section-height-default\" data-id=\"f19cd0c\" data-element_type=\"section\" data-settings=\"{&quot;background_background&quot;:&quot;classic&quot;,&quot;_ha_eqh_enable&quot;:false}\">\n\t\t\t\t\t\t<div class=\"elementor-container elementor-column-gap-default\">\n\t\t\t\t\t<div class=\"elementor-column elementor-col-100 elementor-top-column elementor-element elementor-element-f98fd7d\" data-id=\"f98fd7d\" data-element_type=\"column\" data-settings=\"{&quot;background_background&quot;:&quot;classic&quot;}\">\n\t\t\t<div class=\"elementor-widget-wrap elementor-element-populated\">\n\t\t\t\t\t\t\t\t<div class=\"elementor-element elementor-element-1dc8b62 elementor-widget elementor-widget-spacer\" data-id=\"1dc8b62\" data-element_type=\"widget\" data-widget_type=\"spacer.default\">\n\t\t\t\t<div class=\"elementor-widget-container\">\n\t\t\t\t\t<div class=\"elementor-spacer\">\n\t\t\t<div class=\"elementor-spacer-inner\"><\/div>\n\t\t<\/div>\n\t\t\t\t<\/div>\n\t\t\t\t<\/div>\n\t\t\t\t\t<\/div>\n\t\t<\/div>\n\t\t\t\t\t\t\t<\/div>\n\t\t<\/section>\n\t\t\t\t<section class=\"elementor-section elementor-top-section elementor-element elementor-element-391daba elementor-section-boxed elementor-section-height-default elementor-section-height-default\" data-id=\"391daba\" data-element_type=\"section\" data-settings=\"{&quot;background_background&quot;:&quot;classic&quot;,&quot;_ha_eqh_enable&quot;:false}\">\n\t\t\t\t\t\t<div class=\"elementor-container elementor-column-gap-default\">\n\t\t\t\t\t<div class=\"elementor-column elementor-col-50 elementor-top-column elementor-element elementor-element-ed29c62\" data-id=\"ed29c62\" data-element_type=\"column\">\n\t\t\t<div class=\"elementor-widget-wrap elementor-element-populated\">\n\t\t\t\t\t\t\t\t<div class=\"elementor-element elementor-element-e1774a6 elementor-widget__width-auto elementor-widget elementor-widget-heading\" data-id=\"e1774a6\" data-element_type=\"widget\" data-widget_type=\"heading.default\">\n\t\t\t\t<div class=\"elementor-widget-container\">\n\t\t\t<h2 class=\"elementor-heading-title elementor-size-default\">Leistungen<\/h2>\t\t<\/div>\n\t\t\t\t<\/div>\n\t\t\t\t\t<\/div>\n\t\t<\/div>\n\t\t\t\t<div class=\"elementor-column elementor-col-50 elementor-top-column elementor-element elementor-element-ffdc91e\" data-id=\"ffdc91e\" data-element_type=\"column\">\n\t\t\t<div class=\"elementor-widget-wrap elementor-element-populated\">\n\t\t\t\t\t\t\t\t<div class=\"elementor-element elementor-element-c4b8ce0 elementor-widget elementor-widget-heading\" data-id=\"c4b8ce0\" data-element_type=\"widget\" data-widget_type=\"heading.default\">\n\t\t\t\t<div class=\"elementor-widget-container\">\n\t\t\t<h2 class=\"elementor-heading-title elementor-size-default\">Auch spezielle Reinigungsbed\u00fcrfnisse k\u00f6nnen wir mit unserer modernen Ausr\u00fcstung ohne Probleme befriedigen.<\/h2>\t\t<\/div>\n\t\t\t\t<\/div>\n\t\t\t\t<div class=\"elementor-element elementor-element-b0cfe92 elementor-widget elementor-widget-text-editor\" data-id=\"b0cfe92\" data-element_type=\"widget\" data-widget_type=\"text-editor.default\">\n\t\t\t\t<div class=\"elementor-widget-container\">\n\t\t\t\t\t\t\t<p>Sie suchen nach einem professionellen Partner f\u00fcr besonders anspruchsvolle Reinigungsarbeiten? Dann sind Sie bei uns genau richtig. Auch sehr hartn\u00e4ckige Verschmutzungen und Auftr\u00e4ge in grosser H\u00f6he oder ohne die Verf\u00fcgbarkeit von Strom stellen f\u00fcr uns keine Herausforderung dar, die wir nicht mit unserer \u00fcblichen Pr\u00e4zision und Effizienz problemlos meistern k\u00f6nnen.<\/p><p>Mit unserer innovativen Ausr\u00fcstung heben wir uns von anderen Dienstleistern der Reinigungsbranche deutlich ab und realisieren alle Reinigungsarbeiten z\u00fcgig und reibungslos:<\/p>\t\t\t\t\t\t<\/div>\n\t\t\t\t<\/div>\n\t\t\t\t<div class=\"elementor-element elementor-element-1e156cc elementor-widget elementor-widget-eael-adv-accordion\" data-id=\"1e156cc\" data-element_type=\"widget\" data-widget_type=\"eael-adv-accordion.default\">\n\t\t\t\t<div class=\"elementor-widget-container\">\n\t\t\t        <div class=\"eael-adv-accordion\" id=\"eael-adv-accordion-1e156cc\" data-accordion-id=\"1e156cc\" data-accordion-type=\"accordion\" data-toogle-speed=\"300\">\n    <div class=\"eael-accordion-list\">\n                <div id=\"effiziente-mobile-reinigung-mit-integrierter-technologie\" class=\"elementor-tab-title eael-accordion-header\" tabindex=\"0\" data-tab=\"1\" aria-controls=\"elementor-tab-content-3151\"><span class=\"eael-accordion-tab-title\">Effiziente mobile Reinigung mit integrierter Technologie<\/span><span class=\"eael-advanced-accordion-icon-closed\"><i aria-hidden=\"true\" class=\"fa-accordion-icon icon icon-plus\"><\/i><\/span><span class=\"eael-advanced-accordion-icon-opened\"><i aria-hidden=\"true\" class=\"fa-accordion-icon icon icon-minus\"><\/i><\/span><\/div><div id=\"elementor-tab-content-3151\" class=\"eael-accordion-content clearfix\" data-tab=\"1\" aria-labelledby=\"effiziente-mobile-reinigung-mit-integrierter-technologie\"><p><p>Unsere Reinigungsdienstleistungen setzen auf fortschrittliche Technologie. Mit zwei eigenen Hubarbeitsb\u00fchnen, integrierten Wassertanks und leistungsstarken Heisswasser-Hochdruckreinigern sind wir in der Lage, mobil zu arbeiten, ohne auf externe Strom- oder Wasserquellen angewiesen zu sein. Diese innovative Ausstattung ist komplett in unseren Fahrzeugen integriert, um maximale Flexibilit\u00e4t und Effizienz zu gew\u00e4hrleisten.<\/p><\/p><\/div>\n                <\/div><div class=\"eael-accordion-list\">\n                <div id=\"hochdruckreinigung-bis-zu-500-bar-fr-maximale-sauberkeit\" class=\"elementor-tab-title eael-accordion-header\" tabindex=\"0\" data-tab=\"2\" aria-controls=\"elementor-tab-content-3152\"><span class=\"eael-accordion-tab-title\">Hochdruckreinigung bis zu 500 bar f\u00fcr maximale Sauberkeit<\/span><span class=\"eael-advanced-accordion-icon-closed\"><i aria-hidden=\"true\" class=\"fa-accordion-icon icon icon-plus\"><\/i><\/span><span class=\"eael-advanced-accordion-icon-opened\"><i aria-hidden=\"true\" class=\"fa-accordion-icon icon icon-minus\"><\/i><\/span><\/div><div id=\"elementor-tab-content-3152\" class=\"eael-accordion-content clearfix\" data-tab=\"2\" aria-labelledby=\"hochdruckreinigung-bis-zu-500-bar-fr-maximale-sauberkeit\"><p><p>Unsere Hochdruckreinigungsarbeiten bieten eine beeindruckende Leistung mit einem Druck von bis zu 500 bar, um selbst die hartn\u00e4ckigsten Verschmutzungen zu beseitigen. Verlassen Sie sich auf uns, um Ihre Fl\u00e4chen wieder in einen makellosen Zustand zu versetzen.<\/p><\/p><\/div>\n                <\/div><div class=\"eael-accordion-list\">\n                <div id=\"graffitientfernung-und-prventiver-graffitischutz\" class=\"elementor-tab-title eael-accordion-header\" tabindex=\"0\" data-tab=\"3\" aria-controls=\"elementor-tab-content-3153\"><span class=\"eael-accordion-tab-title\">Graffitientfernung und pr\u00e4ventiver Graffitischutz<\/span><span class=\"eael-advanced-accordion-icon-closed\"><i aria-hidden=\"true\" class=\"fa-accordion-icon icon icon-plus\"><\/i><\/span><span class=\"eael-advanced-accordion-icon-opened\"><i aria-hidden=\"true\" class=\"fa-accordion-icon icon icon-minus\"><\/i><\/span><\/div><div id=\"elementor-tab-content-3153\" class=\"eael-accordion-content clearfix\" data-tab=\"3\" aria-labelledby=\"graffitientfernung-und-prventiver-graffitischutz\"><p><p>Unsere Dienstleistungen umfassen nicht nur die Entfernung bestehender Graffiti, sondern auch pr\u00e4ventive Massnahmen. Wir bieten Schutzbeschichtungen an, die Ihre Oberfl\u00e4chen vor zuk\u00fcnftigen Graffiti-Angriffen bewahren.<\/p><\/p><\/div>\n                <\/div><div class=\"eael-accordion-list\">\n                <div id=\"effektive-fenster-und-fassadenpflege-mit-entmineralisierung-technologie\" class=\"elementor-tab-title eael-accordion-header\" tabindex=\"0\" data-tab=\"4\" aria-controls=\"elementor-tab-content-3154\"><span class=\"eael-accordion-tab-title\">Effektive Fenster- und Fassadenpflege mit Entmineralisierung-Technologie<\/span><span class=\"eael-advanced-accordion-icon-closed\"><i aria-hidden=\"true\" class=\"fa-accordion-icon icon icon-plus\"><\/i><\/span><span class=\"eael-advanced-accordion-icon-opened\"><i aria-hidden=\"true\" class=\"fa-accordion-icon icon icon-minus\"><\/i><\/span><\/div><div id=\"elementor-tab-content-3154\" class=\"eael-accordion-content clearfix\" data-tab=\"4\" aria-labelledby=\"effektive-fenster-und-fassadenpflege-mit-entmineralisierung-technologie\"><p><p>Unsere Fenster- und Fassadenreinigungsarbeiten werden durch fortschrittliche Entmineralisierungsanlagen bis zu einer H\u00f6he von 16 Metern erg\u00e4nzt. Dies erm\u00f6glicht es uns, auch schwer erreichbare Bereiche zu reinigen und eine umfassende Pflege Ihrer Geb\u00e4udeoberfl\u00e4chen sicherzustellen.<\/p><\/p><\/div>\n                <\/div><\/div>\t\t<\/div>\n\t\t\t\t<\/div>\n\t\t\t\t<div class=\"elementor-element elementor-element-82fcdb4 elementor-icon-list--layout-traditional elementor-list-item-link-full_width elementor-widget elementor-widget-icon-list\" data-id=\"82fcdb4\" data-element_type=\"widget\" data-widget_type=\"icon-list.default\">\n\t\t\t\t<div class=\"elementor-widget-container\">\n\t\t\t\t\t<ul class=\"elementor-icon-list-items\">\n\t\t\t\t\t\t\t<li class=\"elementor-icon-list-item\">\n\t\t\t\t\t\t\t\t\t\t\t<span class=\"elementor-icon-list-icon\">\n\t\t\t\t\t\t\t<i aria-hidden=\"true\" class=\"icon icon-check\"><\/i>\t\t\t\t\t\t<\/span>\n\t\t\t\t\t\t\t\t\t\t<span class=\"elementor-icon-list-text\">Umzugsreinigungen<\/span>\n\t\t\t\t\t\t\t\t\t<\/li>\n\t\t\t\t\t\t\t\t<li class=\"elementor-icon-list-item\">\n\t\t\t\t\t\t\t\t\t\t\t<span class=\"elementor-icon-list-icon\">\n\t\t\t\t\t\t\t<i aria-hidden=\"true\" class=\"icon icon-check\"><\/i>\t\t\t\t\t\t<\/span>\n\t\t\t\t\t\t\t\t\t\t<span class=\"elementor-icon-list-text\">Grundreinigung aller g\u00e4ngigen Bodenbel\u00e4ge<\/span>\n\t\t\t\t\t\t\t\t\t<\/li>\n\t\t\t\t\t\t\t\t<li class=\"elementor-icon-list-item\">\n\t\t\t\t\t\t\t\t\t\t\t<span class=\"elementor-icon-list-icon\">\n\t\t\t\t\t\t\t<i aria-hidden=\"true\" class=\"icon icon-check\"><\/i>\t\t\t\t\t\t<\/span>\n\t\t\t\t\t\t\t\t\t\t<span class=\"elementor-icon-list-text\">Fassadenreinigung<\/span>\n\t\t\t\t\t\t\t\t\t<\/li>\n\t\t\t\t\t\t\t\t<li class=\"elementor-icon-list-item\">\n\t\t\t\t\t\t\t\t\t\t\t<span class=\"elementor-icon-list-icon\">\n\t\t\t\t\t\t\t<i aria-hidden=\"true\" class=\"icon icon-check\"><\/i>\t\t\t\t\t\t<\/span>\n\t\t\t\t\t\t\t\t\t\t<span class=\"elementor-icon-list-text\">Fenster und Lamellenstorenreingung<\/span>\n\t\t\t\t\t\t\t\t\t<\/li>\n\t\t\t\t\t\t\t\t<li class=\"elementor-icon-list-item\">\n\t\t\t\t\t\t\t\t\t\t\t<span class=\"elementor-icon-list-icon\">\n\t\t\t\t\t\t\t<i aria-hidden=\"true\" class=\"icon icon-check\"><\/i>\t\t\t\t\t\t<\/span>\n\t\t\t\t\t\t\t\t\t\t<span class=\"elementor-icon-list-text\">Graffitientfernung und -pr\u00e4vention<\/span>\n\t\t\t\t\t\t\t\t\t<\/li>\n\t\t\t\t\t\t<\/ul>\n\t\t\t\t<\/div>\n\t\t\t\t<\/div>\n\t\t\t\t<div class=\"elementor-element elementor-element-4393293 elementor-widget__width-auto elementor-widget elementor-widget-button\" data-id=\"4393293\" data-element_type=\"widget\" data-widget_type=\"button.default\">\n\t\t\t\t<div class=\"elementor-widget-container\">\n\t\t\t\t\t<div class=\"elementor-button-wrapper\">\n\t\t\t<a class=\"elementor-button elementor-button-link elementor-size-sm\" href=\"https:\/\/www.klipundklar.ch\/en\/kontakt\/\">\n\t\t\t\t\t\t<span class=\"elementor-button-content-wrapper\">\n\t\t\t\t\t\t<span class=\"elementor-button-text\">Contact us<\/span>\n\t\t<\/span>\n\t\t\t\t\t<\/a>\n\t\t<\/div>\n\t\t\t\t<\/div>\n\t\t\t\t<\/div>\n\t\t\t\t\t<\/div>\n\t\t<\/div>\n\t\t\t\t\t\t\t<\/div>\n\t\t<\/section>\n\t\t\t\t<section class=\"elementor-section elementor-top-section elementor-element elementor-element-9cc6122 elementor-section-boxed elementor-section-height-default elementor-section-height-default\" data-id=\"9cc6122\" data-element_type=\"section\" data-settings=\"{&quot;background_background&quot;:&quot;classic&quot;,&quot;_ha_eqh_enable&quot;:false}\">\n\t\t\t\t\t\t<div class=\"elementor-container elementor-column-gap-default\">\n\t\t\t\t\t<div class=\"elementor-column elementor-col-100 elementor-top-column elementor-element elementor-element-b94d764\" data-id=\"b94d764\" data-element_type=\"column\">\n\t\t\t<div class=\"elementor-widget-wrap elementor-element-populated\">\n\t\t\t\t\t\t\t\t<div class=\"elementor-element elementor-element-5d31aaf elementor-widget elementor-widget-gallery\" data-id=\"5d31aaf\" data-element_type=\"widget\" data-settings=\"{&quot;columns&quot;:3,&quot;gap&quot;:{&quot;unit&quot;:&quot;px&quot;,&quot;size&quot;:30,&quot;sizes&quot;:[]},&quot;aspect_ratio&quot;:&quot;1:1&quot;,&quot;columns_tablet&quot;:3,&quot;columns_mobile&quot;:3,&quot;gap_tablet&quot;:{&quot;unit&quot;:&quot;px&quot;,&quot;size&quot;:30,&quot;sizes&quot;:[]},&quot;lazyload&quot;:&quot;yes&quot;,&quot;gallery_layout&quot;:&quot;grid&quot;,&quot;gap_mobile&quot;:{&quot;unit&quot;:&quot;px&quot;,&quot;size&quot;:10,&quot;sizes&quot;:[]},&quot;link_to&quot;:&quot;file&quot;,&quot;overlay_background&quot;:&quot;yes&quot;,&quot;content_hover_animation&quot;:&quot;fade-in&quot;}\" data-widget_type=\"gallery.default\">\n\t\t\t\t<div class=\"elementor-widget-container\">\n\t\t\t\t\t<div class=\"elementor-gallery__container\">\n\t\t\t\t\t\t\t<a class=\"e-gallery-item elementor-gallery-item elementor-animated-content\" href=\"https:\/\/www.klipundklar.ch\/wp-content\/uploads\/2023\/11\/image00015-scaled.jpeg\" data-elementor-open-lightbox=\"yes\" data-elementor-lightbox-slideshow=\"all-5d31aaf\" data-elementor-lightbox-title=\"Klip &amp; Klar Reinigungen GmbH\" data-e-action-hash=\"#elementor-action%3Aaction%3Dlightbox%26settings%3DeyJpZCI6MzU0MzUsInVybCI6Imh0dHBzOlwvXC93d3cua2xpcHVuZGtsYXIuY2hcL3dwLWNvbnRlbnRcL3VwbG9hZHNcLzIwMjNcLzExXC9pbWFnZTAwMDE1LXNjYWxlZC5qcGVnIiwic2xpZGVzaG93IjoiYWxsLTVkMzFhYWYifQ%3D%3D\">\n\t\t\t\t\t<div class=\"e-gallery-image elementor-gallery-item__image\" data-thumbnail=\"https:\/\/www.klipundklar.ch\/wp-content\/uploads\/2023\/11\/image00015-768x1024.jpeg\" data-width=\"768\" data-height=\"1024\" alt=\"\" ><\/div>\n\t\t\t\t\t\t\t\t\t\t\t<div class=\"elementor-gallery-item__overlay\"><\/div>\n\t\t\t\t\t\t\t\t\t\t\t\t\t\t<\/a>\n\t\t\t\t\t\t\t<a class=\"e-gallery-item elementor-gallery-item elementor-animated-content\" href=\"https:\/\/www.klipundklar.ch\/wp-content\/uploads\/2023\/04\/shutterstock_2228064817-scaled.jpg\" data-elementor-open-lightbox=\"yes\" data-elementor-lightbox-slideshow=\"all-5d31aaf\" data-elementor-lightbox-title=\"Klip &amp; Klar Reinigungen GmbH\" data-e-action-hash=\"#elementor-action%3Aaction%3Dlightbox%26settings%3DeyJpZCI6MzQ0NDcsInVybCI6Imh0dHBzOlwvXC93d3cua2xpcHVuZGtsYXIuY2hcL3dwLWNvbnRlbnRcL3VwbG9hZHNcLzIwMjNcLzA0XC9zaHV0dGVyc3RvY2tfMjIyODA2NDgxNy1zY2FsZWQuanBnIiwic2xpZGVzaG93IjoiYWxsLTVkMzFhYWYifQ%3D%3D\">\n\t\t\t\t\t<div class=\"e-gallery-image elementor-gallery-item__image\" data-thumbnail=\"https:\/\/www.klipundklar.ch\/wp-content\/uploads\/2023\/04\/shutterstock_2228064817-1024x683.jpg\" data-width=\"800\" data-height=\"534\" alt=\"\" ><\/div>\n\t\t\t\t\t\t\t\t\t\t\t<div class=\"elementor-gallery-item__overlay\"><\/div>\n\t\t\t\t\t\t\t\t\t\t\t\t\t\t<\/a>\n\t\t\t\t\t\t\t<a class=\"e-gallery-item elementor-gallery-item elementor-animated-content\" href=\"https:\/\/www.klipundklar.ch\/wp-content\/uploads\/2023\/11\/image00006-scaled.jpeg\" data-elementor-open-lightbox=\"yes\" data-elementor-lightbox-slideshow=\"all-5d31aaf\" data-elementor-lightbox-title=\"Klip &amp; Klar Reinigungen GmbH\" data-e-action-hash=\"#elementor-action%3Aaction%3Dlightbox%26settings%3DeyJpZCI6MzU0MjcsInVybCI6Imh0dHBzOlwvXC93d3cua2xpcHVuZGtsYXIuY2hcL3dwLWNvbnRlbnRcL3VwbG9hZHNcLzIwMjNcLzExXC9pbWFnZTAwMDA2LXNjYWxlZC5qcGVnIiwic2xpZGVzaG93IjoiYWxsLTVkMzFhYWYifQ%3D%3D\">\n\t\t\t\t\t<div class=\"e-gallery-image elementor-gallery-item__image\" data-thumbnail=\"https:\/\/www.klipundklar.ch\/wp-content\/uploads\/2023\/11\/image00006-768x1024.jpeg\" data-width=\"768\" data-height=\"1024\" alt=\"\" ><\/div>\n\t\t\t\t\t\t\t\t\t\t\t<div class=\"elementor-gallery-item__overlay\"><\/div>\n\t\t\t\t\t\t\t\t\t\t\t\t\t\t<\/a>\n\t\t\t\t\t<\/div>\n\t\t\t<\/div>\n\t\t\t\t<\/div>\n\t\t\t\t\t<\/div>\n\t\t<\/div>\n\t\t\t\t\t\t\t<\/div>\n\t\t<\/section>\n\t\t\t\t\t\t\t<\/div>","protected":false},"excerpt":{"rendered":"<p>Spezialreinigungen Besondere Bedingungen Leistungen Auch spezielle Reinigungsbed\u00fcrfnisse k\u00f6nnen wir mit unserer modernen Ausr\u00fcstung ohne Probleme befriedigen. Sie suchen nach einem professionellen Partner f\u00fcr besonders anspruchsvolle Reinigungsarbeiten? Dann sind Sie bei uns genau richtig. Auch sehr hartn\u00e4ckige Verschmutzungen und Auftr\u00e4ge in grosser H\u00f6he oder ohne die Verf\u00fcgbarkeit von Strom stellen f\u00fcr uns keine Herausforderung dar, die [&hellip;]<\/p>","protected":false},"author":1,"featured_media":34346,"parent":0,"menu_order":4,"comment_status":"closed","ping_status":"closed","template":"elementor_header_footer","meta":{"footnotes":""},"yoast_head":"<!-- This site is optimized with the Yoast SEO plugin v21.4 - https:\/\/yoast.com\/wordpress\/plugins\/seo\/ -->\n<title>Spezialreinigungsarbeiten - Klip &amp; Klar Reinigungen GmbH<\/title>\n<meta name=\"description\" content=\"Moderne Ausr\u00fcstung f\u00fcr spezielle Reinigungen. Wir sind Ihr Partner f\u00fcr anspruchsvolle Aufgaben, sogar in grossen H\u00f6hen oder ohne Strom.\" \/>\n<meta name=\"robots\" content=\"index, follow, max-snippet:-1, max-image-preview:large, max-video-preview:-1\" \/>\n<link rel=\"canonical\" href=\"https:\/\/www.klipundklar.ch\/en\/spezialreinigungsarbeiten\/\" \/>\n<meta property=\"og:locale\" content=\"en_US\" \/>\n<meta property=\"og:type\" content=\"article\" \/>\n<meta property=\"og:title\" content=\"Spezialreinigungsarbeiten - Klip &amp; Klar Reinigungen GmbH\" \/>\n<meta property=\"og:description\" content=\"Moderne Ausr\u00fcstung f\u00fcr spezielle Reinigungen. Wir sind Ihr Partner f\u00fcr anspruchsvolle Aufgaben, sogar in grossen H\u00f6hen oder ohne Strom.\" \/>\n<meta property=\"og:url\" content=\"https:\/\/www.klipundklar.ch\/en\/spezialreinigungsarbeiten\/\" \/>\n<meta property=\"og:site_name\" content=\"Klip &amp; Klar Reinigungen GmbH\" \/>\n<meta property=\"article:modified_time\" content=\"2024-02-23T09:57:11+00:00\" \/>\n<meta property=\"og:image\" content=\"https:\/\/www.klipundklar.ch\/wp-content\/uploads\/2023\/11\/KlippKlarr2.jpg\" \/>\n\t<meta property=\"og:image:width\" content=\"1024\" \/>\n\t<meta property=\"og:image:height\" content=\"1024\" \/>\n\t<meta property=\"og:image:type\" content=\"image\/jpeg\" \/>\n<meta name=\"twitter:card\" content=\"summary_large_image\" \/>\n<meta name=\"twitter:label1\" content=\"Est. reading time\" \/>\n\t<meta name=\"twitter:data1\" content=\"1 minute\" \/>\n<script type=\"application\/ld+json\" class=\"yoast-schema-graph\">{\"@context\":\"https:\/\/schema.org\",\"@graph\":[{\"@type\":\"WebPage\",\"@id\":\"https:\/\/www.klipundklar.ch\/spezialreinigungsarbeiten\/\",\"url\":\"https:\/\/www.klipundklar.ch\/spezialreinigungsarbeiten\/\",\"name\":\"Spezialreinigungsarbeiten - Klip &amp; Klar Reinigungen GmbH\",\"isPartOf\":{\"@id\":\"https:\/\/www.klipundklar.ch\/#website\"},\"datePublished\":\"2023-10-30T12:30:19+00:00\",\"dateModified\":\"2024-02-23T09:57:11+00:00\",\"description\":\"Moderne Ausr\u00fcstung f\u00fcr spezielle Reinigungen. Wir sind Ihr Partner f\u00fcr anspruchsvolle Aufgaben, sogar in grossen H\u00f6hen oder ohne Strom.\",\"breadcrumb\":{\"@id\":\"https:\/\/www.klipundklar.ch\/spezialreinigungsarbeiten\/#breadcrumb\"},\"inLanguage\":\"en-US\",\"potentialAction\":[{\"@type\":\"ReadAction\",\"target\":[\"https:\/\/www.klipundklar.ch\/spezialreinigungsarbeiten\/\"]}]},{\"@type\":\"BreadcrumbList\",\"@id\":\"https:\/\/www.klipundklar.ch\/spezialreinigungsarbeiten\/#breadcrumb\",\"itemListElement\":[{\"@type\":\"ListItem\",\"position\":1,\"name\":\"Home\",\"item\":\"https:\/\/www.klipundklar.ch\/\"},{\"@type\":\"ListItem\",\"position\":2,\"name\":\"Spezialreinigungsarbeiten\"}]},{\"@type\":\"WebSite\",\"@id\":\"https:\/\/www.klipundklar.ch\/#website\",\"url\":\"https:\/\/www.klipundklar.ch\/\",\"name\":\"Klip & Klar Reinigungen GmbH\",\"description\":\"\",\"publisher\":{\"@id\":\"https:\/\/www.klipundklar.ch\/#organization\"},\"inLanguage\":\"en-US\"},{\"@type\":\"Organization\",\"@id\":\"https:\/\/www.klipundklar.ch\/#organization\",\"name\":\"Klip & Klar Reinigungen GmbH\",\"url\":\"https:\/\/www.klipundklar.ch\/\",\"logo\":{\"@type\":\"ImageObject\",\"inLanguage\":\"en-US\",\"@id\":\"https:\/\/www.klipundklar.ch\/#\/schema\/logo\/image\/\",\"url\":\"https:\/\/www.klipundklar.ch\/wp-content\/uploads\/2023\/10\/Untitled-22.jpg\",\"contentUrl\":\"https:\/\/www.klipundklar.ch\/wp-content\/uploads\/2023\/10\/Untitled-22.jpg\",\"width\":512,\"height\":512,\"caption\":\"Klip & Klar Reinigungen GmbH\"},\"image\":{\"@id\":\"https:\/\/www.klipundklar.ch\/#\/schema\/logo\/image\/\"}}]}<\/script>\n<!-- \/ Yoast SEO plugin. -->","yoast_head_json":{"title":"Spezialreinigungsarbeiten - Klip &amp; Klar Reinigungen GmbH","description":"Moderne Ausr\u00fcstung f\u00fcr spezielle Reinigungen. Wir sind Ihr Partner f\u00fcr anspruchsvolle Aufgaben, sogar in grossen H\u00f6hen oder ohne Strom.","robots":{"index":"index","follow":"follow","max-snippet":"max-snippet:-1","max-image-preview":"max-image-preview:large","max-video-preview":"max-video-preview:-1"},"canonical":"https:\/\/www.klipundklar.ch\/en\/spezialreinigungsarbeiten\/","og_locale":"en_US","og_type":"article","og_title":"Spezialreinigungsarbeiten - Klip &amp; Klar Reinigungen GmbH","og_description":"Moderne Ausr\u00fcstung f\u00fcr spezielle Reinigungen. Wir sind Ihr Partner f\u00fcr anspruchsvolle Aufgaben, sogar in grossen H\u00f6hen oder ohne Strom.","og_url":"https:\/\/www.klipundklar.ch\/en\/spezialreinigungsarbeiten\/","og_site_name":"Klip &amp; Klar Reinigungen GmbH","article_modified_time":"2024-02-23T09:57:11+00:00","og_image":[{"width":1024,"height":1024,"url":"https:\/\/www.klipundklar.ch\/wp-content\/uploads\/2023\/11\/KlippKlarr2.jpg","type":"image\/jpeg"}],"twitter_card":"summary_large_image","twitter_misc":{"Est. reading time":"1 minute"},"schema":{"@context":"https:\/\/schema.org","@graph":[{"@type":"WebPage","@id":"https:\/\/www.klipundklar.ch\/spezialreinigungsarbeiten\/","url":"https:\/\/www.klipundklar.ch\/spezialreinigungsarbeiten\/","name":"Spezialreinigungsarbeiten - Klip &amp; Klar Reinigungen GmbH","isPartOf":{"@id":"https:\/\/www.klipundklar.ch\/#website"},"datePublished":"2023-10-30T12:30:19+00:00","dateModified":"2024-02-23T09:57:11+00:00","description":"Moderne Ausr\u00fcstung f\u00fcr spezielle Reinigungen. Wir sind Ihr Partner f\u00fcr anspruchsvolle Aufgaben, sogar in grossen H\u00f6hen oder ohne Strom.","breadcrumb":{"@id":"https:\/\/www.klipundklar.ch\/spezialreinigungsarbeiten\/#breadcrumb"},"inLanguage":"en-US","potentialAction":[{"@type":"ReadAction","target":["https:\/\/www.klipundklar.ch\/spezialreinigungsarbeiten\/"]}]},{"@type":"BreadcrumbList","@id":"https:\/\/www.klipundklar.ch\/spezialreinigungsarbeiten\/#breadcrumb","itemListElement":[{"@type":"ListItem","position":1,"name":"Home","item":"https:\/\/www.klipundklar.ch\/"},{"@type":"ListItem","position":2,"name":"Spezialreinigungsarbeiten"}]},{"@type":"WebSite","@id":"https:\/\/www.klipundklar.ch\/#website","url":"https:\/\/www.klipundklar.ch\/","name":"Klip & Klar Reinigungen GmbH","description":"","publisher":{"@id":"https:\/\/www.klipundklar.ch\/#organization"},"inLanguage":"en-US"},{"@type":"Organization","@id":"https:\/\/www.klipundklar.ch\/#organization","name":"Klip & Klar Reinigungen GmbH","url":"https:\/\/www.klipundklar.ch\/","logo":{"@type":"ImageObject","inLanguage":"en-US","@id":"https:\/\/www.klipundklar.ch\/#\/schema\/logo\/image\/","url":"https:\/\/www.klipundklar.ch\/wp-content\/uploads\/2023\/10\/Untitled-22.jpg","contentUrl":"https:\/\/www.klipundklar.ch\/wp-content\/uploads\/2023\/10\/Untitled-22.jpg","width":512,"height":512,"caption":"Klip & Klar Reinigungen GmbH"},"image":{"@id":"https:\/\/www.klipundklar.ch\/#\/schema\/logo\/image\/"}}]}},"_links":{"self":[{"href":"https:\/\/www.klipundklar.ch\/en\/wp-json\/wp\/v2\/pages\/33232"}],"collection":[{"href":"https:\/\/www.klipundklar.ch\/en\/wp-json\/wp\/v2\/pages"}],"about":[{"href":"https:\/\/www.klipundklar.ch\/en\/wp-json\/wp\/v2\/types\/page"}],"author":[{"embeddable":true,"href":"https:\/\/www.klipundklar.ch\/en\/wp-json\/wp\/v2\/users\/1"}],"replies":[{"embeddable":true,"href":"https:\/\/www.klipundklar.ch\/en\/wp-json\/wp\/v2\/comments?post=33232"}],"version-history":[{"count":97,"href":"https:\/\/www.klipundklar.ch\/en\/wp-json\/wp\/v2\/pages\/33232\/revisions"}],"predecessor-version":[{"id":36098,"href":"https:\/\/www.klipundklar.ch\/en\/wp-json\/wp\/v2\/pages\/33232\/revisions\/36098"}],"wp:featuredmedia":[{"embeddable":true,"href":"https:\/\/www.klipundklar.ch\/en\/wp-json\/wp\/v2\/media\/34346"}],"wp:attachment":[{"href":"https:\/\/www.klipundklar.ch\/en\/wp-json\/wp\/v2\/media?parent=33232"}],"curies":[{"name":"wp","href":"https:\/\/api.w.org\/{rel}","templated":true}]}}