{"id":33225,"date":"2023-10-30T13:26:27","date_gmt":"2023-10-30T12:26:27","guid":{"rendered":"https:\/\/klipundklar.ch\/?page_id=33225"},"modified":"2024-02-23T10:56:41","modified_gmt":"2024-02-23T09:56:41","slug":"baureinigung","status":"publish","type":"page","link":"https:\/\/www.klipundklar.ch\/en\/baureinigung\/","title":{"rendered":"Baureinigung"},"content":{"rendered":"<div data-elementor-type=\"wp-page\" data-elementor-id=\"33225\" class=\"elementor elementor-33225\">\n\t\t\t\t\t\t\t\t\t<section class=\"elementor-section elementor-top-section elementor-element elementor-element-b72b78e elementor-section-height-min-height elementor-section-boxed elementor-section-height-default elementor-section-items-middle\" data-id=\"b72b78e\" data-element_type=\"section\" data-settings=\"{&quot;_ha_eqh_enable&quot;:false}\">\n\t\t\t\t\t\t<div class=\"elementor-container elementor-column-gap-default\">\n\t\t\t\t\t<div class=\"elementor-column elementor-col-100 elementor-top-column elementor-element elementor-element-042814d\" data-id=\"042814d\" data-element_type=\"column\">\n\t\t\t<div class=\"elementor-widget-wrap elementor-element-populated\">\n\t\t\t\t\t\t\t\t<div class=\"elementor-element elementor-element-607d49a elementor-widget__width-auto elementor-widget elementor-widget-heading\" data-id=\"607d49a\" data-element_type=\"widget\" data-widget_type=\"heading.default\">\n\t\t\t\t<div class=\"elementor-widget-container\">\n\t\t\t<h2 class=\"elementor-heading-title elementor-size-default\">Baureinigung<\/h2>\t\t<\/div>\n\t\t\t\t<\/div>\n\t\t\t\t<div class=\"elementor-element elementor-element-3530c13 elementor-widget elementor-widget-heading\" data-id=\"3530c13\" data-element_type=\"widget\" data-widget_type=\"heading.default\">\n\t\t\t\t<div class=\"elementor-widget-container\">\n\t\t\t<h2 class=\"elementor-heading-title elementor-size-default\">Sauberer <span style=\"color: #D9528F;\">Abschluss<\/span><\/h2>\t\t<\/div>\n\t\t\t\t<\/div>\n\t\t\t\t\t<\/div>\n\t\t<\/div>\n\t\t\t\t\t\t\t<\/div>\n\t\t<\/section>\n\t\t\t\t<section class=\"elementor-section elementor-top-section elementor-element elementor-element-4dfaee2 elementor-section-boxed elementor-section-height-default elementor-section-height-default\" data-id=\"4dfaee2\" data-element_type=\"section\" data-settings=\"{&quot;background_background&quot;:&quot;classic&quot;,&quot;_ha_eqh_enable&quot;:false}\">\n\t\t\t\t\t\t<div class=\"elementor-container elementor-column-gap-default\">\n\t\t\t\t\t<div class=\"elementor-column elementor-col-100 elementor-top-column elementor-element elementor-element-9e2dde4\" data-id=\"9e2dde4\" data-element_type=\"column\" data-settings=\"{&quot;background_background&quot;:&quot;classic&quot;}\">\n\t\t\t<div class=\"elementor-widget-wrap elementor-element-populated\">\n\t\t\t\t\t\t\t\t<div class=\"elementor-element elementor-element-025c07a elementor-widget elementor-widget-spacer\" data-id=\"025c07a\" data-element_type=\"widget\" data-widget_type=\"spacer.default\">\n\t\t\t\t<div class=\"elementor-widget-container\">\n\t\t\t\t\t<div class=\"elementor-spacer\">\n\t\t\t<div class=\"elementor-spacer-inner\"><\/div>\n\t\t<\/div>\n\t\t\t\t<\/div>\n\t\t\t\t<\/div>\n\t\t\t\t\t<\/div>\n\t\t<\/div>\n\t\t\t\t\t\t\t<\/div>\n\t\t<\/section>\n\t\t\t\t<section class=\"elementor-section elementor-top-section elementor-element elementor-element-5b2caf4 elementor-section-boxed elementor-section-height-default elementor-section-height-default\" data-id=\"5b2caf4\" data-element_type=\"section\" data-settings=\"{&quot;background_background&quot;:&quot;classic&quot;,&quot;_ha_eqh_enable&quot;:false}\">\n\t\t\t\t\t\t<div class=\"elementor-container elementor-column-gap-default\">\n\t\t\t\t\t<div class=\"elementor-column elementor-col-50 elementor-top-column elementor-element elementor-element-7a696d9\" data-id=\"7a696d9\" data-element_type=\"column\">\n\t\t\t<div class=\"elementor-widget-wrap elementor-element-populated\">\n\t\t\t\t\t\t\t\t<div class=\"elementor-element elementor-element-b334932 elementor-widget__width-auto elementor-widget elementor-widget-heading\" data-id=\"b334932\" data-element_type=\"widget\" data-widget_type=\"heading.default\">\n\t\t\t\t<div class=\"elementor-widget-container\">\n\t\t\t<h2 class=\"elementor-heading-title elementor-size-default\">Leistungen<\/h2>\t\t<\/div>\n\t\t\t\t<\/div>\n\t\t\t\t\t<\/div>\n\t\t<\/div>\n\t\t\t\t<div class=\"elementor-column elementor-col-50 elementor-top-column elementor-element elementor-element-a91f58c\" data-id=\"a91f58c\" data-element_type=\"column\">\n\t\t\t<div class=\"elementor-widget-wrap elementor-element-populated\">\n\t\t\t\t\t\t\t\t<div class=\"elementor-element elementor-element-58a8588 elementor-widget elementor-widget-heading\" data-id=\"58a8588\" data-element_type=\"widget\" data-widget_type=\"heading.default\">\n\t\t\t\t<div class=\"elementor-widget-container\">\n\t\t\t<h2 class=\"elementor-heading-title elementor-size-default\">Mit uns an Ihrer Seite k\u00f6nnen Sie sich auf einen sauberen Abschluss Ihres Bauprojekts verlassen.<\/h2>\t\t<\/div>\n\t\t\t\t<\/div>\n\t\t\t\t<div class=\"elementor-element elementor-element-68398d3 elementor-widget elementor-widget-text-editor\" data-id=\"68398d3\" data-element_type=\"widget\" data-widget_type=\"text-editor.default\">\n\t\t\t\t<div class=\"elementor-widget-container\">\n\t\t\t\t\t\t\t<p>Im Rahmen eines Neu- oder Umbaus fallen verschiedene Verschmutzungsarten an. Baureste m\u00fcssen entfernt, B\u00f6den ges\u00e4ubert und diverse Oberfl\u00e4chen sowie Glasfl\u00e4chen gereinigt werden. Wir verf\u00fcgen \u00fcber die notwendige Ausstattung und Logistik, um selbst komplexe Baureinigungen z\u00fcgig und professionell abwickeln zu k\u00f6nnen. Von der Baufein- bis hin zur Bauschlussreinigung sind wir an Ihrer Seite.<\/p><p>In einem pers\u00f6nlichen Gespr\u00e4ch legen wir den Umfang und Zeitraum der Reinigung fest. Wir besichtigen das Objekt und unterbreiten Ihnen ein bedarfsgerechtes und faires Angebot f\u00fcr die Reinigungsdienstleistung.<\/p>\t\t\t\t\t\t<\/div>\n\t\t\t\t<\/div>\n\t\t\t\t<div class=\"elementor-element elementor-element-7d772e9 elementor-icon-list--layout-traditional elementor-list-item-link-full_width elementor-widget elementor-widget-icon-list\" data-id=\"7d772e9\" data-element_type=\"widget\" data-widget_type=\"icon-list.default\">\n\t\t\t\t<div class=\"elementor-widget-container\">\n\t\t\t\t\t<ul class=\"elementor-icon-list-items\">\n\t\t\t\t\t\t\t<li class=\"elementor-icon-list-item\">\n\t\t\t\t\t\t\t\t\t\t\t<span class=\"elementor-icon-list-icon\">\n\t\t\t\t\t\t\t<i aria-hidden=\"true\" class=\"icon icon-check\"><\/i>\t\t\t\t\t\t<\/span>\n\t\t\t\t\t\t\t\t\t\t<span class=\"elementor-icon-list-text\">Baugrobreinigung<\/span>\n\t\t\t\t\t\t\t\t\t<\/li>\n\t\t\t\t\t\t\t\t<li class=\"elementor-icon-list-item\">\n\t\t\t\t\t\t\t\t\t\t\t<span class=\"elementor-icon-list-icon\">\n\t\t\t\t\t\t\t<i aria-hidden=\"true\" class=\"icon icon-check\"><\/i>\t\t\t\t\t\t<\/span>\n\t\t\t\t\t\t\t\t\t\t<span class=\"elementor-icon-list-text\">Baufeinreinigung<\/span>\n\t\t\t\t\t\t\t\t\t<\/li>\n\t\t\t\t\t\t\t\t<li class=\"elementor-icon-list-item\">\n\t\t\t\t\t\t\t\t\t\t\t<span class=\"elementor-icon-list-icon\">\n\t\t\t\t\t\t\t<i aria-hidden=\"true\" class=\"icon icon-check\"><\/i>\t\t\t\t\t\t<\/span>\n\t\t\t\t\t\t\t\t\t\t<span class=\"elementor-icon-list-text\">Bauschlussreinigung inkl. vorg\u00e4ngige<\/span>\n\t\t\t\t\t\t\t\t\t<\/li>\n\t\t\t\t\t\t\t\t<li class=\"elementor-icon-list-item\">\n\t\t\t\t\t\t\t\t\t\t\t<span class=\"elementor-icon-list-icon\">\n\t\t\t\t\t\t\t<i aria-hidden=\"true\" class=\"icon icon-check\"><\/i>\t\t\t\t\t\t<\/span>\n\t\t\t\t\t\t\t\t\t\t<span class=\"elementor-icon-list-text\">Auslegung von Floorliner<\/span>\n\t\t\t\t\t\t\t\t\t<\/li>\n\t\t\t\t\t\t\t\t<li class=\"elementor-icon-list-item\">\n\t\t\t\t\t\t\t\t\t\t\t<span class=\"elementor-icon-list-icon\">\n\t\t\t\t\t\t\t<i aria-hidden=\"true\" class=\"icon icon-check\"><\/i>\t\t\t\t\t\t<\/span>\n\t\t\t\t\t\t\t\t\t\t<span class=\"elementor-icon-list-text\">Abfallentsorgung<\/span>\n\t\t\t\t\t\t\t\t\t<\/li>\n\t\t\t\t\t\t<\/ul>\n\t\t\t\t<\/div>\n\t\t\t\t<\/div>\n\t\t\t\t<div class=\"elementor-element elementor-element-0da85e3 elementor-widget__width-auto elementor-widget elementor-widget-button\" data-id=\"0da85e3\" data-element_type=\"widget\" data-widget_type=\"button.default\">\n\t\t\t\t<div class=\"elementor-widget-container\">\n\t\t\t\t\t<div class=\"elementor-button-wrapper\">\n\t\t\t<a class=\"elementor-button elementor-button-link elementor-size-sm\" href=\"https:\/\/www.klipundklar.ch\/en\/kontakt\/\">\n\t\t\t\t\t\t<span class=\"elementor-button-content-wrapper\">\n\t\t\t\t\t\t<span class=\"elementor-button-text\">Contact us<\/span>\n\t\t<\/span>\n\t\t\t\t\t<\/a>\n\t\t<\/div>\n\t\t\t\t<\/div>\n\t\t\t\t<\/div>\n\t\t\t\t\t<\/div>\n\t\t<\/div>\n\t\t\t\t\t\t\t<\/div>\n\t\t<\/section>\n\t\t\t\t<section class=\"elementor-section elementor-top-section elementor-element elementor-element-e8f772f elementor-section-boxed elementor-section-height-default elementor-section-height-default\" data-id=\"e8f772f\" data-element_type=\"section\" data-settings=\"{&quot;background_background&quot;:&quot;classic&quot;,&quot;_ha_eqh_enable&quot;:false}\">\n\t\t\t\t\t\t<div class=\"elementor-container elementor-column-gap-default\">\n\t\t\t\t\t<div class=\"elementor-column elementor-col-100 elementor-top-column elementor-element elementor-element-a1b0448\" data-id=\"a1b0448\" data-element_type=\"column\">\n\t\t\t<div class=\"elementor-widget-wrap elementor-element-populated\">\n\t\t\t\t\t\t\t\t<div class=\"elementor-element elementor-element-914911f elementor-widget elementor-widget-gallery\" data-id=\"914911f\" data-element_type=\"widget\" data-settings=\"{&quot;columns&quot;:3,&quot;gap&quot;:{&quot;unit&quot;:&quot;px&quot;,&quot;size&quot;:30,&quot;sizes&quot;:[]},&quot;aspect_ratio&quot;:&quot;1:1&quot;,&quot;columns_tablet&quot;:3,&quot;gap_tablet&quot;:{&quot;unit&quot;:&quot;px&quot;,&quot;size&quot;:30,&quot;sizes&quot;:[]},&quot;columns_mobile&quot;:3,&quot;lazyload&quot;:&quot;yes&quot;,&quot;gallery_layout&quot;:&quot;grid&quot;,&quot;gap_mobile&quot;:{&quot;unit&quot;:&quot;px&quot;,&quot;size&quot;:10,&quot;sizes&quot;:[]},&quot;link_to&quot;:&quot;file&quot;,&quot;overlay_background&quot;:&quot;yes&quot;,&quot;content_hover_animation&quot;:&quot;fade-in&quot;}\" data-widget_type=\"gallery.default\">\n\t\t\t\t<div class=\"elementor-widget-container\">\n\t\t\t\t\t<div class=\"elementor-gallery__container\">\n\t\t\t\t\t\t\t<a class=\"e-gallery-item elementor-gallery-item elementor-animated-content\" href=\"https:\/\/www.klipundklar.ch\/wp-content\/uploads\/2023\/11\/image00001-scaled-e1701348998563.jpeg\" data-elementor-open-lightbox=\"yes\" data-elementor-lightbox-slideshow=\"all-914911f\" data-elementor-lightbox-title=\"Klip &amp; Klar Reinigungen GmbH\" data-e-action-hash=\"#elementor-action%3Aaction%3Dlightbox%26settings%3DeyJpZCI6MzU0MjMsInVybCI6Imh0dHBzOlwvXC93d3cua2xpcHVuZGtsYXIuY2hcL3dwLWNvbnRlbnRcL3VwbG9hZHNcLzIwMjNcLzExXC9pbWFnZTAwMDAxLXNjYWxlZC1lMTcwMTM0ODk5ODU2My5qcGVnIiwic2xpZGVzaG93IjoiYWxsLTkxNDkxMWYifQ%3D%3D\">\n\t\t\t\t\t<div class=\"e-gallery-image elementor-gallery-item__image\" data-thumbnail=\"https:\/\/www.klipundklar.ch\/wp-content\/uploads\/2023\/11\/image00001-scaled-e1701348998563-768x1024.jpeg\" data-width=\"768\" data-height=\"1024\" alt=\"\" ><\/div>\n\t\t\t\t\t\t\t\t\t\t\t<div class=\"elementor-gallery-item__overlay\"><\/div>\n\t\t\t\t\t\t\t\t\t\t\t\t\t\t<\/a>\n\t\t\t\t\t\t\t<a class=\"e-gallery-item elementor-gallery-item elementor-animated-content\" href=\"https:\/\/www.klipundklar.ch\/wp-content\/uploads\/2023\/11\/image00017-scaled.jpeg\" data-elementor-open-lightbox=\"yes\" data-elementor-lightbox-slideshow=\"all-914911f\" data-elementor-lightbox-title=\"Klip &amp; Klar Reinigungen GmbH\" data-e-action-hash=\"#elementor-action%3Aaction%3Dlightbox%26settings%3DeyJpZCI6MzU0MzcsInVybCI6Imh0dHBzOlwvXC93d3cua2xpcHVuZGtsYXIuY2hcL3dwLWNvbnRlbnRcL3VwbG9hZHNcLzIwMjNcLzExXC9pbWFnZTAwMDE3LXNjYWxlZC5qcGVnIiwic2xpZGVzaG93IjoiYWxsLTkxNDkxMWYifQ%3D%3D\">\n\t\t\t\t\t<div class=\"e-gallery-image elementor-gallery-item__image\" data-thumbnail=\"https:\/\/www.klipundklar.ch\/wp-content\/uploads\/2023\/11\/image00017-768x1024.jpeg\" data-width=\"768\" data-height=\"1024\" alt=\"\" ><\/div>\n\t\t\t\t\t\t\t\t\t\t\t<div class=\"elementor-gallery-item__overlay\"><\/div>\n\t\t\t\t\t\t\t\t\t\t\t\t\t\t<\/a>\n\t\t\t\t\t\t\t<a class=\"e-gallery-item elementor-gallery-item elementor-animated-content\" href=\"https:\/\/www.klipundklar.ch\/wp-content\/uploads\/2023\/05\/shutterstock_776540080-scaled.jpg\" data-elementor-open-lightbox=\"yes\" data-elementor-lightbox-slideshow=\"all-914911f\" data-elementor-lightbox-title=\"Klip &amp; Klar Reinigungen GmbH\" data-e-action-hash=\"#elementor-action%3Aaction%3Dlightbox%26settings%3DeyJpZCI6MzQzNTMsInVybCI6Imh0dHBzOlwvXC93d3cua2xpcHVuZGtsYXIuY2hcL3dwLWNvbnRlbnRcL3VwbG9hZHNcLzIwMjNcLzA1XC9zaHV0dGVyc3RvY2tfNzc2NTQwMDgwLXNjYWxlZC5qcGciLCJzbGlkZXNob3ciOiJhbGwtOTE0OTExZiJ9\">\n\t\t\t\t\t<div class=\"e-gallery-image elementor-gallery-item__image\" data-thumbnail=\"https:\/\/www.klipundklar.ch\/wp-content\/uploads\/2023\/05\/shutterstock_776540080-1024x683.jpg\" data-width=\"800\" data-height=\"534\" alt=\"\" ><\/div>\n\t\t\t\t\t\t\t\t\t\t\t<div class=\"elementor-gallery-item__overlay\"><\/div>\n\t\t\t\t\t\t\t\t\t\t\t\t\t\t<\/a>\n\t\t\t\t\t<\/div>\n\t\t\t<\/div>\n\t\t\t\t<\/div>\n\t\t\t\t\t<\/div>\n\t\t<\/div>\n\t\t\t\t\t\t\t<\/div>\n\t\t<\/section>\n\t\t\t\t\t\t\t<\/div>","protected":false},"excerpt":{"rendered":"<p>Baureinigung Sauberer Abschluss Leistungen Mit uns an Ihrer Seite k\u00f6nnen Sie sich auf einen sauberen Abschluss Ihres Bauprojekts verlassen. Im Rahmen eines Neu- oder Umbaus fallen verschiedene Verschmutzungsarten an. Baureste m\u00fcssen entfernt, B\u00f6den ges\u00e4ubert und diverse Oberfl\u00e4chen sowie Glasfl\u00e4chen gereinigt werden. Wir verf\u00fcgen \u00fcber die notwendige Ausstattung und Logistik, um selbst komplexe Baureinigungen z\u00fcgig und [&hellip;]<\/p>","protected":false},"author":1,"featured_media":34346,"parent":0,"menu_order":3,"comment_status":"closed","ping_status":"closed","template":"elementor_header_footer","meta":{"footnotes":""},"yoast_head":"<!-- This site is optimized with the Yoast SEO plugin v21.4 - https:\/\/yoast.com\/wordpress\/plugins\/seo\/ -->\n<title>Baureinigung - Klip &amp; Klar Reinigungen GmbH<\/title>\n<meta name=\"description\" content=\"Wir sorgen f\u00fcr die Sauberkeit bei Ihrem Bauprojekt. Von der Baufein- bis hin zur Bauschlussreinigung sind wir bei Klip und Klar, an Ihrer Seite.\" \/>\n<meta name=\"robots\" content=\"index, follow, max-snippet:-1, max-image-preview:large, max-video-preview:-1\" \/>\n<link rel=\"canonical\" href=\"https:\/\/www.klipundklar.ch\/en\/baureinigung\/\" \/>\n<meta property=\"og:locale\" content=\"en_US\" \/>\n<meta property=\"og:type\" content=\"article\" \/>\n<meta property=\"og:title\" content=\"Baureinigung - Klip &amp; Klar Reinigungen GmbH\" \/>\n<meta property=\"og:description\" content=\"Wir sorgen f\u00fcr die Sauberkeit bei Ihrem Bauprojekt. Von der Baufein- bis hin zur Bauschlussreinigung sind wir bei Klip und Klar, an Ihrer Seite.\" \/>\n<meta property=\"og:url\" content=\"https:\/\/www.klipundklar.ch\/en\/baureinigung\/\" \/>\n<meta property=\"og:site_name\" content=\"Klip &amp; Klar Reinigungen GmbH\" \/>\n<meta property=\"article:modified_time\" content=\"2024-02-23T09:56:41+00:00\" \/>\n<meta property=\"og:image\" content=\"https:\/\/www.klipundklar.ch\/wp-content\/uploads\/2023\/11\/KlippKlarr2.jpg\" \/>\n\t<meta property=\"og:image:width\" content=\"1024\" \/>\n\t<meta property=\"og:image:height\" content=\"1024\" \/>\n\t<meta property=\"og:image:type\" content=\"image\/jpeg\" \/>\n<meta name=\"twitter:card\" content=\"summary_large_image\" \/>\n<meta name=\"twitter:label1\" content=\"Est. reading time\" \/>\n\t<meta name=\"twitter:data1\" content=\"1 minute\" \/>\n<script type=\"application\/ld+json\" class=\"yoast-schema-graph\">{\"@context\":\"https:\/\/schema.org\",\"@graph\":[{\"@type\":\"WebPage\",\"@id\":\"https:\/\/www.klipundklar.ch\/baureinigung\/\",\"url\":\"https:\/\/www.klipundklar.ch\/baureinigung\/\",\"name\":\"Baureinigung - Klip &amp; Klar Reinigungen GmbH\",\"isPartOf\":{\"@id\":\"https:\/\/www.klipundklar.ch\/#website\"},\"datePublished\":\"2023-10-30T12:26:27+00:00\",\"dateModified\":\"2024-02-23T09:56:41+00:00\",\"description\":\"Wir sorgen f\u00fcr die Sauberkeit bei Ihrem Bauprojekt. Von der Baufein- bis hin zur Bauschlussreinigung sind wir bei Klip und Klar, an Ihrer Seite.\",\"breadcrumb\":{\"@id\":\"https:\/\/www.klipundklar.ch\/baureinigung\/#breadcrumb\"},\"inLanguage\":\"en-US\",\"potentialAction\":[{\"@type\":\"ReadAction\",\"target\":[\"https:\/\/www.klipundklar.ch\/baureinigung\/\"]}]},{\"@type\":\"BreadcrumbList\",\"@id\":\"https:\/\/www.klipundklar.ch\/baureinigung\/#breadcrumb\",\"itemListElement\":[{\"@type\":\"ListItem\",\"position\":1,\"name\":\"Home\",\"item\":\"https:\/\/www.klipundklar.ch\/\"},{\"@type\":\"ListItem\",\"position\":2,\"name\":\"Baureinigung\"}]},{\"@type\":\"WebSite\",\"@id\":\"https:\/\/www.klipundklar.ch\/#website\",\"url\":\"https:\/\/www.klipundklar.ch\/\",\"name\":\"Klip & Klar Reinigungen GmbH\",\"description\":\"\",\"publisher\":{\"@id\":\"https:\/\/www.klipundklar.ch\/#organization\"},\"inLanguage\":\"en-US\"},{\"@type\":\"Organization\",\"@id\":\"https:\/\/www.klipundklar.ch\/#organization\",\"name\":\"Klip & Klar Reinigungen GmbH\",\"url\":\"https:\/\/www.klipundklar.ch\/\",\"logo\":{\"@type\":\"ImageObject\",\"inLanguage\":\"en-US\",\"@id\":\"https:\/\/www.klipundklar.ch\/#\/schema\/logo\/image\/\",\"url\":\"https:\/\/www.klipundklar.ch\/wp-content\/uploads\/2023\/10\/Untitled-22.jpg\",\"contentUrl\":\"https:\/\/www.klipundklar.ch\/wp-content\/uploads\/2023\/10\/Untitled-22.jpg\",\"width\":512,\"height\":512,\"caption\":\"Klip & Klar Reinigungen GmbH\"},\"image\":{\"@id\":\"https:\/\/www.klipundklar.ch\/#\/schema\/logo\/image\/\"}}]}<\/script>\n<!-- \/ Yoast SEO plugin. -->","yoast_head_json":{"title":"Baureinigung - Klip &amp; Klar Reinigungen GmbH","description":"Wir sorgen f\u00fcr die Sauberkeit bei Ihrem Bauprojekt. Von der Baufein- bis hin zur Bauschlussreinigung sind wir bei Klip und Klar, an Ihrer Seite.","robots":{"index":"index","follow":"follow","max-snippet":"max-snippet:-1","max-image-preview":"max-image-preview:large","max-video-preview":"max-video-preview:-1"},"canonical":"https:\/\/www.klipundklar.ch\/en\/baureinigung\/","og_locale":"en_US","og_type":"article","og_title":"Baureinigung - Klip &amp; Klar Reinigungen GmbH","og_description":"Wir sorgen f\u00fcr die Sauberkeit bei Ihrem Bauprojekt. Von der Baufein- bis hin zur Bauschlussreinigung sind wir bei Klip und Klar, an Ihrer Seite.","og_url":"https:\/\/www.klipundklar.ch\/en\/baureinigung\/","og_site_name":"Klip &amp; Klar Reinigungen GmbH","article_modified_time":"2024-02-23T09:56:41+00:00","og_image":[{"width":1024,"height":1024,"url":"https:\/\/www.klipundklar.ch\/wp-content\/uploads\/2023\/11\/KlippKlarr2.jpg","type":"image\/jpeg"}],"twitter_card":"summary_large_image","twitter_misc":{"Est. reading time":"1 minute"},"schema":{"@context":"https:\/\/schema.org","@graph":[{"@type":"WebPage","@id":"https:\/\/www.klipundklar.ch\/baureinigung\/","url":"https:\/\/www.klipundklar.ch\/baureinigung\/","name":"Baureinigung - Klip &amp; Klar Reinigungen GmbH","isPartOf":{"@id":"https:\/\/www.klipundklar.ch\/#website"},"datePublished":"2023-10-30T12:26:27+00:00","dateModified":"2024-02-23T09:56:41+00:00","description":"Wir sorgen f\u00fcr die Sauberkeit bei Ihrem Bauprojekt. Von der Baufein- bis hin zur Bauschlussreinigung sind wir bei Klip und Klar, an Ihrer Seite.","breadcrumb":{"@id":"https:\/\/www.klipundklar.ch\/baureinigung\/#breadcrumb"},"inLanguage":"en-US","potentialAction":[{"@type":"ReadAction","target":["https:\/\/www.klipundklar.ch\/baureinigung\/"]}]},{"@type":"BreadcrumbList","@id":"https:\/\/www.klipundklar.ch\/baureinigung\/#breadcrumb","itemListElement":[{"@type":"ListItem","position":1,"name":"Home","item":"https:\/\/www.klipundklar.ch\/"},{"@type":"ListItem","position":2,"name":"Baureinigung"}]},{"@type":"WebSite","@id":"https:\/\/www.klipundklar.ch\/#website","url":"https:\/\/www.klipundklar.ch\/","name":"Klip & Klar Reinigungen GmbH","description":"","publisher":{"@id":"https:\/\/www.klipundklar.ch\/#organization"},"inLanguage":"en-US"},{"@type":"Organization","@id":"https:\/\/www.klipundklar.ch\/#organization","name":"Klip & Klar Reinigungen GmbH","url":"https:\/\/www.klipundklar.ch\/","logo":{"@type":"ImageObject","inLanguage":"en-US","@id":"https:\/\/www.klipundklar.ch\/#\/schema\/logo\/image\/","url":"https:\/\/www.klipundklar.ch\/wp-content\/uploads\/2023\/10\/Untitled-22.jpg","contentUrl":"https:\/\/www.klipundklar.ch\/wp-content\/uploads\/2023\/10\/Untitled-22.jpg","width":512,"height":512,"caption":"Klip & Klar Reinigungen GmbH"},"image":{"@id":"https:\/\/www.klipundklar.ch\/#\/schema\/logo\/image\/"}}]}},"_links":{"self":[{"href":"https:\/\/www.klipundklar.ch\/en\/wp-json\/wp\/v2\/pages\/33225"}],"collection":[{"href":"https:\/\/www.klipundklar.ch\/en\/wp-json\/wp\/v2\/pages"}],"about":[{"href":"https:\/\/www.klipundklar.ch\/en\/wp-json\/wp\/v2\/types\/page"}],"author":[{"embeddable":true,"href":"https:\/\/www.klipundklar.ch\/en\/wp-json\/wp\/v2\/users\/1"}],"replies":[{"embeddable":true,"href":"https:\/\/www.klipundklar.ch\/en\/wp-json\/wp\/v2\/comments?post=33225"}],"version-history":[{"count":174,"href":"https:\/\/www.klipundklar.ch\/en\/wp-json\/wp\/v2\/pages\/33225\/revisions"}],"predecessor-version":[{"id":36095,"href":"https:\/\/www.klipundklar.ch\/en\/wp-json\/wp\/v2\/pages\/33225\/revisions\/36095"}],"wp:featuredmedia":[{"embeddable":true,"href":"https:\/\/www.klipundklar.ch\/en\/wp-json\/wp\/v2\/media\/34346"}],"wp:attachment":[{"href":"https:\/\/www.klipundklar.ch\/en\/wp-json\/wp\/v2\/media?parent=33225"}],"curies":[{"name":"wp","href":"https:\/\/api.w.org\/{rel}","templated":true}]}}