{"id":28855,"date":"2020-10-14T14:16:05","date_gmt":"2020-10-14T12:16:05","guid":{"rendered":"https:\/\/bw103.brentex-webprojekt.ch\/?page_id=28855"},"modified":"2024-12-31T10:51:52","modified_gmt":"2024-12-31T09:51:52","slug":"unternehmen","status":"publish","type":"page","link":"https:\/\/www.klipundklar.ch\/en\/unternehmen\/","title":{"rendered":"Unternehmen"},"content":{"rendered":"<div data-elementor-type=\"wp-page\" data-elementor-id=\"28855\" class=\"elementor elementor-28855\">\n\t\t\t\t\t\t\t\t\t<section class=\"elementor-section elementor-top-section elementor-element elementor-element-eb5ed68 elementor-section-height-min-height elementor-section-items-bottom elementor-section-boxed elementor-section-height-default\" data-id=\"eb5ed68\" data-element_type=\"section\" data-settings=\"{&quot;background_background&quot;:&quot;classic&quot;,&quot;_ha_eqh_enable&quot;:false}\">\n\t\t\t\t\t\t\t<div class=\"elementor-background-overlay\"><\/div>\n\t\t\t\t\t\t\t<div class=\"elementor-container elementor-column-gap-default\">\n\t\t\t\t\t<div class=\"elementor-column elementor-col-100 elementor-top-column elementor-element elementor-element-027b325\" data-id=\"027b325\" data-element_type=\"column\">\n\t\t\t<div class=\"elementor-widget-wrap elementor-element-populated\">\n\t\t\t\t\t\t\t\t<div class=\"elementor-element elementor-element-4ebe7d4 elementor-widget__width-auto elementor-widget elementor-widget-heading\" data-id=\"4ebe7d4\" data-element_type=\"widget\" data-widget_type=\"heading.default\">\n\t\t\t\t<div class=\"elementor-widget-container\">\n\t\t\t<h2 class=\"elementor-heading-title elementor-size-default\">Unternehmen<\/h2>\t\t<\/div>\n\t\t\t\t<\/div>\n\t\t\t\t<div class=\"elementor-element elementor-element-e4b02ea elementor-widget elementor-widget-heading\" data-id=\"e4b02ea\" data-element_type=\"widget\" data-widget_type=\"heading.default\">\n\t\t\t\t<div class=\"elementor-widget-container\">\n\t\t\t<h2 class=\"elementor-heading-title elementor-size-default\">Wo andere aufh\u00f6ren,<span style=\"color: #D9528F;\"> fangen wir an<\/span><\/h2>\t\t<\/div>\n\t\t\t\t<\/div>\n\t\t\t\t\t<\/div>\n\t\t<\/div>\n\t\t\t\t\t\t\t<\/div>\n\t\t<\/section>\n\t\t\t\t<section class=\"elementor-section elementor-top-section elementor-element elementor-element-c86cf6c elementor-section-boxed elementor-section-height-default elementor-section-height-default\" data-id=\"c86cf6c\" data-element_type=\"section\" data-settings=\"{&quot;_ha_eqh_enable&quot;:false}\">\n\t\t\t\t\t\t<div class=\"elementor-container elementor-column-gap-default\">\n\t\t\t\t\t<div class=\"elementor-column elementor-col-50 elementor-top-column elementor-element elementor-element-be8b0bf\" data-id=\"be8b0bf\" data-element_type=\"column\">\n\t\t\t<div class=\"elementor-widget-wrap elementor-element-populated\">\n\t\t\t\t\t\t\t\t<div class=\"elementor-element elementor-element-1070b2c elementor-widget__width-auto elementor-widget elementor-widget-heading\" data-id=\"1070b2c\" data-element_type=\"widget\" data-widget_type=\"heading.default\">\n\t\t\t\t<div class=\"elementor-widget-container\">\n\t\t\t<h2 class=\"elementor-heading-title elementor-size-default\">Klip & Klar<\/h2>\t\t<\/div>\n\t\t\t\t<\/div>\n\t\t\t\t<div class=\"elementor-element elementor-element-ce76ade elementor-widget elementor-widget-heading\" data-id=\"ce76ade\" data-element_type=\"widget\" data-widget_type=\"heading.default\">\n\t\t\t\t<div class=\"elementor-widget-container\">\n\t\t\t<h2 class=\"elementor-heading-title elementor-size-default\">Wir entlasten Sie, <span style=\"color: #D9528F;\"> wo es nur geht<\/span><\/h2>\t\t<\/div>\n\t\t\t\t<\/div>\n\t\t\t\t<div class=\"elementor-element elementor-element-e0c0823 elementor-widget elementor-widget-text-editor\" data-id=\"e0c0823\" data-element_type=\"widget\" data-widget_type=\"text-editor.default\">\n\t\t\t\t<div class=\"elementor-widget-container\">\n\t\t\t\t\t\t\t<p>Wir sind ein kleines, engagiertes Familienunternehmen mit Sitz in Z\u00fcrich. Bereits seit 2000 bieten wir erfolgreich unsere Dienste im Reinigungssektor an. Unsere Kunden sch\u00e4tzen die hohe Qualit\u00e4t unserer Arbeit und den stets zuverl\u00e4ssigen sowie termingerechten Abschluss unserer Auftr\u00e4ge. M\u00f6chten Sie unseren professionellen Service in Anspruch nehmen? Gerne unterbreiten wir Ihnen ein individuelles Angebot.<\/p>\t\t\t\t\t\t<\/div>\n\t\t\t\t<\/div>\n\t\t\t\t<div class=\"elementor-element elementor-element-cfa2c57 elementor-widget__width-auto elementor-widget elementor-widget-button\" data-id=\"cfa2c57\" data-element_type=\"widget\" data-widget_type=\"button.default\">\n\t\t\t\t<div class=\"elementor-widget-container\">\n\t\t\t\t\t<div class=\"elementor-button-wrapper\">\n\t\t\t<a class=\"elementor-button elementor-button-link elementor-size-sm\" href=\"https:\/\/www.klipundklar.ch\/en\/kontakt\/\">\n\t\t\t\t\t\t<span class=\"elementor-button-content-wrapper\">\n\t\t\t\t\t\t<span class=\"elementor-button-text\">Contact us<\/span>\n\t\t<\/span>\n\t\t\t\t\t<\/a>\n\t\t<\/div>\n\t\t\t\t<\/div>\n\t\t\t\t<\/div>\n\t\t\t\t\t<\/div>\n\t\t<\/div>\n\t\t\t\t<div class=\"elementor-column elementor-col-50 elementor-top-column elementor-element elementor-element-3459270\" data-id=\"3459270\" data-element_type=\"column\" data-settings=\"{&quot;background_background&quot;:&quot;classic&quot;}\">\n\t\t\t<div class=\"elementor-widget-wrap elementor-element-populated\">\n\t\t\t\t\t\t\t\t<div class=\"elementor-element elementor-element-dc66264 elementor-widget elementor-widget-spacer\" data-id=\"dc66264\" data-element_type=\"widget\" data-widget_type=\"spacer.default\">\n\t\t\t\t<div class=\"elementor-widget-container\">\n\t\t\t\t\t<div class=\"elementor-spacer\">\n\t\t\t<div class=\"elementor-spacer-inner\"><\/div>\n\t\t<\/div>\n\t\t\t\t<\/div>\n\t\t\t\t<\/div>\n\t\t\t\t\t<\/div>\n\t\t<\/div>\n\t\t\t\t\t\t\t<\/div>\n\t\t<\/section>\n\t\t\t\t<section class=\"elementor-section elementor-top-section elementor-element elementor-element-c2e27ca elementor-section-boxed elementor-section-height-default elementor-section-height-default\" data-id=\"c2e27ca\" data-element_type=\"section\" data-settings=\"{&quot;_ha_eqh_enable&quot;:false}\">\n\t\t\t\t\t\t<div class=\"elementor-container elementor-column-gap-default\">\n\t\t\t\t\t<div class=\"elementor-column elementor-col-25 elementor-top-column elementor-element elementor-element-58df90e\" data-id=\"58df90e\" data-element_type=\"column\">\n\t\t\t<div class=\"elementor-widget-wrap elementor-element-populated\">\n\t\t\t\t\t\t\t\t<div class=\"elementor-element elementor-element-dc2456c elementor-widget__width-auto elementor-widget elementor-widget-counter\" data-id=\"dc2456c\" data-element_type=\"widget\" data-widget_type=\"counter.default\">\n\t\t\t\t<div class=\"elementor-widget-container\">\n\t\t\t\t\t<div class=\"elementor-counter\">\n\t\t\t<div class=\"elementor-counter-number-wrapper\">\n\t\t\t\t<span class=\"elementor-counter-number-prefix\"><\/span>\n\t\t\t\t<span class=\"elementor-counter-number\" data-duration=\"1000\" data-to-value=\"23\" data-from-value=\"0\" data-delimiter=\",\">0<\/span>\n\t\t\t\t<span class=\"elementor-counter-number-suffix\"> <span style=\"color: #D9528F;\">+<\/span><\/span>\n\t\t\t<\/div>\n\t\t\t\t\t\t\t<div class=\"elementor-counter-title\">years of experience<\/div>\n\t\t\t\t\t<\/div>\n\t\t\t\t<\/div>\n\t\t\t\t<\/div>\n\t\t\t\t\t<\/div>\n\t\t<\/div>\n\t\t\t\t<div class=\"elementor-column elementor-col-25 elementor-top-column elementor-element elementor-element-b1d799f\" data-id=\"b1d799f\" data-element_type=\"column\">\n\t\t\t<div class=\"elementor-widget-wrap elementor-element-populated\">\n\t\t\t\t\t\t\t\t<div class=\"elementor-element elementor-element-f7a0783 elementor-widget__width-auto elementor-widget elementor-widget-counter\" data-id=\"f7a0783\" data-element_type=\"widget\" data-widget_type=\"counter.default\">\n\t\t\t\t<div class=\"elementor-widget-container\">\n\t\t\t\t\t<div class=\"elementor-counter\">\n\t\t\t<div class=\"elementor-counter-number-wrapper\">\n\t\t\t\t<span class=\"elementor-counter-number-prefix\"><\/span>\n\t\t\t\t<span class=\"elementor-counter-number\" data-duration=\"1000\" data-to-value=\"100\" data-from-value=\"0\" data-delimiter=\",\">0<\/span>\n\t\t\t\t<span class=\"elementor-counter-number-suffix\"> <span style=\"color: #D9528F;\">%<\/span><\/span>\n\t\t\t<\/div>\n\t\t\t\t\t\t\t<div class=\"elementor-counter-title\">Servicequalit\u00e4t<\/div>\n\t\t\t\t\t<\/div>\n\t\t\t\t<\/div>\n\t\t\t\t<\/div>\n\t\t\t\t\t<\/div>\n\t\t<\/div>\n\t\t\t\t<div class=\"elementor-column elementor-col-25 elementor-top-column elementor-element elementor-element-5cfa757\" data-id=\"5cfa757\" data-element_type=\"column\">\n\t\t\t<div class=\"elementor-widget-wrap elementor-element-populated\">\n\t\t\t\t\t\t\t\t<div class=\"elementor-element elementor-element-218d81d elementor-widget__width-auto elementor-widget elementor-widget-counter\" data-id=\"218d81d\" data-element_type=\"widget\" data-widget_type=\"counter.default\">\n\t\t\t\t<div class=\"elementor-widget-container\">\n\t\t\t\t\t<div class=\"elementor-counter\">\n\t\t\t<div class=\"elementor-counter-number-wrapper\">\n\t\t\t\t<span class=\"elementor-counter-number-prefix\"><\/span>\n\t\t\t\t<span class=\"elementor-counter-number\" data-duration=\"1000\" data-to-value=\"100\" data-from-value=\"0\" data-delimiter=\",\">0<\/span>\n\t\t\t\t<span class=\"elementor-counter-number-suffix\"> <span style=\"color: #D9528F;\">+<\/span><\/span>\n\t\t\t<\/div>\n\t\t\t\t\t\t\t<div class=\"elementor-counter-title\">Langfristige Kunden<\/div>\n\t\t\t\t\t<\/div>\n\t\t\t\t<\/div>\n\t\t\t\t<\/div>\n\t\t\t\t\t<\/div>\n\t\t<\/div>\n\t\t\t\t<div class=\"elementor-column elementor-col-25 elementor-top-column elementor-element elementor-element-3e27fa5\" data-id=\"3e27fa5\" data-element_type=\"column\">\n\t\t\t<div class=\"elementor-widget-wrap elementor-element-populated\">\n\t\t\t\t\t\t\t\t<div class=\"elementor-element elementor-element-e1b2147 elementor-widget__width-auto elementor-widget elementor-widget-counter\" data-id=\"e1b2147\" data-element_type=\"widget\" data-widget_type=\"counter.default\">\n\t\t\t\t<div class=\"elementor-widget-container\">\n\t\t\t\t\t<div class=\"elementor-counter\">\n\t\t\t<div class=\"elementor-counter-number-wrapper\">\n\t\t\t\t<span class=\"elementor-counter-number-prefix\"><\/span>\n\t\t\t\t<span class=\"elementor-counter-number\" data-duration=\"1000\" data-to-value=\"50\" data-from-value=\"0\" data-delimiter=\",\">0<\/span>\n\t\t\t\t<span class=\"elementor-counter-number-suffix\"><\/span>\n\t\t\t<\/div>\n\t\t\t\t\t\t\t<div class=\"elementor-counter-title\">Diverse Leistungen<\/div>\n\t\t\t\t\t<\/div>\n\t\t\t\t<\/div>\n\t\t\t\t<\/div>\n\t\t\t\t\t<\/div>\n\t\t<\/div>\n\t\t\t\t\t\t\t<\/div>\n\t\t<\/section>\n\t\t\t\t<section class=\"elementor-section elementor-top-section elementor-element elementor-element-d083b04 elementor-section-boxed elementor-section-height-default elementor-section-height-default\" data-id=\"d083b04\" data-element_type=\"section\" data-settings=\"{&quot;_ha_eqh_enable&quot;:false}\">\n\t\t\t\t\t\t<div class=\"elementor-container elementor-column-gap-default\">\n\t\t\t\t\t<div class=\"elementor-column elementor-col-50 elementor-top-column elementor-element elementor-element-5fa28d9\" data-id=\"5fa28d9\" data-element_type=\"column\">\n\t\t\t<div class=\"elementor-widget-wrap elementor-element-populated\">\n\t\t\t\t\t\t\t\t<div class=\"elementor-element elementor-element-4c8c298 elementor-widget__width-auto elementor-widget elementor-widget-heading\" data-id=\"4c8c298\" data-element_type=\"widget\" data-widget_type=\"heading.default\">\n\t\t\t\t<div class=\"elementor-widget-container\">\n\t\t\t<h2 class=\"elementor-heading-title elementor-size-default\">Ihre Vorteile<\/h2>\t\t<\/div>\n\t\t\t\t<\/div>\n\t\t\t\t\t<\/div>\n\t\t<\/div>\n\t\t\t\t<div class=\"elementor-column elementor-col-50 elementor-top-column elementor-element elementor-element-d759918\" data-id=\"d759918\" data-element_type=\"column\">\n\t\t\t<div class=\"elementor-widget-wrap elementor-element-populated\">\n\t\t\t\t\t\t\t\t<div class=\"elementor-element elementor-element-9ce79c0 elementor-widget elementor-widget-eael-adv-accordion\" data-id=\"9ce79c0\" data-element_type=\"widget\" data-widget_type=\"eael-adv-accordion.default\">\n\t\t\t\t<div class=\"elementor-widget-container\">\n\t\t\t        <div class=\"eael-adv-accordion\" id=\"eael-adv-accordion-9ce79c0\" data-accordion-id=\"9ce79c0\" data-accordion-type=\"accordion\" data-toogle-speed=\"300\">\n    <div class=\"eael-accordion-list\">\n                <div id=\"top-preis-leistung\" class=\"elementor-tab-title eael-accordion-header active-default\" tabindex=\"0\" data-tab=\"1\" aria-controls=\"elementor-tab-content-1641\"><span class=\"eael-accordion-tab-title\">Top-Preis-Leistung<\/span><span class=\"eael-advanced-accordion-icon-closed\"><i aria-hidden=\"true\" class=\"fa-accordion-icon icon icon-plus\"><\/i><\/span><span class=\"eael-advanced-accordion-icon-opened\"><i aria-hidden=\"true\" class=\"fa-accordion-icon icon icon-minus\"><\/i><\/span><\/div><div id=\"elementor-tab-content-1641\" class=\"eael-accordion-content clearfix active-default\" data-tab=\"1\" aria-labelledby=\"top-preis-leistung\"><p><p>Bei der Qualit\u00e4t unserer Arbeit machen wir keine Abstriche. Aufgrund der umfangreichen Erfahrung unserer Mitarbeiter und unserer ausgereiften Logistik k\u00f6nnen wir sehr effizient arbeiten und unseren Kunden hochqualitative Dienstleistungen zu fairen Konditionen anbieten. Ein unverbindliches Angebot kann zu jeder Zeit eingeholt werden.<\/p><\/p><\/div>\n                <\/div><div class=\"eael-accordion-list\">\n                <div id=\"individuelle-lsungen\" class=\"elementor-tab-title eael-accordion-header\" tabindex=\"0\" data-tab=\"2\" aria-controls=\"elementor-tab-content-1642\"><span class=\"eael-accordion-tab-title\">Individual solutions<\/span><span class=\"eael-advanced-accordion-icon-closed\"><i aria-hidden=\"true\" class=\"fa-accordion-icon icon icon-plus\"><\/i><\/span><span class=\"eael-advanced-accordion-icon-opened\"><i aria-hidden=\"true\" class=\"fa-accordion-icon icon icon-minus\"><\/i><\/span><\/div><div id=\"elementor-tab-content-1642\" class=\"eael-accordion-content clearfix\" data-tab=\"2\" aria-labelledby=\"individuelle-lsungen\"><p><p>Ob es um eine einmalige Umzugsreinigung oder eine regelm\u00e4ssige Geb\u00e4udereinigung geht \u2013 der Umfang unserer Leistungen richtet sich stets nach Ihrem pers\u00f6nlichen Bedarf und kann individuell verhandelt werden. Gleiches gilt f\u00fcr das Zeitfenster. Wir stehen sowohl f\u00fcr wiederkehrende Termine in festen Intervallen als auch f\u00fcr kurzfristige Eins\u00e4tze zur Verf\u00fcgung.<\/p><\/p><\/div>\n                <\/div><div class=\"eael-accordion-list\">\n                <div id=\"moderne-ausstattung\" class=\"elementor-tab-title eael-accordion-header\" tabindex=\"0\" data-tab=\"3\" aria-controls=\"elementor-tab-content-1643\"><span class=\"eael-accordion-tab-title\">Moderne Ausstattung<\/span><span class=\"eael-advanced-accordion-icon-closed\"><i aria-hidden=\"true\" class=\"fa-accordion-icon icon icon-plus\"><\/i><\/span><span class=\"eael-advanced-accordion-icon-opened\"><i aria-hidden=\"true\" class=\"fa-accordion-icon icon icon-minus\"><\/i><\/span><\/div><div id=\"elementor-tab-content-1643\" class=\"eael-accordion-content clearfix\" data-tab=\"3\" aria-labelledby=\"moderne-ausstattung\"><p><p>Eine gr\u00fcndliche Reinigung auch an schwer zug\u00e4nglichen Stellen kann nur mit den richtigen Reinigungsmitteln und dem entsprechenden Equipment realisiert werden. Wir verwenden ausschliesslich hochwertige, umweltfreundliche Materialien und sind technisch auf dem neuesten Stand. So bew\u00e4ltigen wir auch die komplexesten Auftr\u00e4ge schnell und zuverl\u00e4ssig.<\/p><\/p><\/div>\n                <\/div><\/div>\t\t<\/div>\n\t\t\t\t<\/div>\n\t\t\t\t\t<\/div>\n\t\t<\/div>\n\t\t\t\t\t\t\t<\/div>\n\t\t<\/section>\n\t\t\t\t<section class=\"elementor-section elementor-top-section elementor-element elementor-element-62ee796 elementor-section-boxed elementor-section-height-default elementor-section-height-default\" data-id=\"62ee796\" data-element_type=\"section\" data-settings=\"{&quot;background_background&quot;:&quot;classic&quot;,&quot;_ha_eqh_enable&quot;:false}\">\n\t\t\t\t\t\t\t<div class=\"elementor-background-overlay\"><\/div>\n\t\t\t\t\t\t\t<div class=\"elementor-container elementor-column-gap-default\">\n\t\t\t\t\t<div class=\"elementor-column elementor-col-100 elementor-top-column elementor-element elementor-element-125e45a\" data-id=\"125e45a\" data-element_type=\"column\">\n\t\t\t<div class=\"elementor-widget-wrap elementor-element-populated\">\n\t\t\t\t\t\t\t\t<div class=\"elementor-element elementor-element-e047192 elementor-widget__width-auto elementor-widget elementor-widget-heading\" data-id=\"e047192\" data-element_type=\"widget\" data-widget_type=\"heading.default\">\n\t\t\t\t<div class=\"elementor-widget-container\">\n\t\t\t<h2 class=\"elementor-heading-title elementor-size-default\">Contact<\/h2>\t\t<\/div>\n\t\t\t\t<\/div>\n\t\t\t\t<div class=\"elementor-element elementor-element-f4e3be0 elementor-widget elementor-widget-heading\" data-id=\"f4e3be0\" data-element_type=\"widget\" data-widget_type=\"heading.default\">\n\t\t\t\t<div class=\"elementor-widget-container\">\n\t\t\t<h2 class=\"elementor-heading-title elementor-size-default\">Contact us <span style=\"color: #D9528F;\"> f\u00fcr eine Offerte<\/span><\/h2>\t\t<\/div>\n\t\t\t\t<\/div>\n\t\t\t\t<div class=\"elementor-element elementor-element-3dce0c5 elementor-widget__width-auto elementor-widget elementor-widget-button\" data-id=\"3dce0c5\" data-element_type=\"widget\" data-widget_type=\"button.default\">\n\t\t\t\t<div class=\"elementor-widget-container\">\n\t\t\t\t\t<div class=\"elementor-button-wrapper\">\n\t\t\t<a class=\"elementor-button elementor-button-link elementor-size-sm\" href=\"https:\/\/www.klipundklar.ch\/en\/kontakt\/\">\n\t\t\t\t\t\t<span class=\"elementor-button-content-wrapper\">\n\t\t\t\t\t\t<span class=\"elementor-button-text\">Contact us<\/span>\n\t\t<\/span>\n\t\t\t\t\t<\/a>\n\t\t<\/div>\n\t\t\t\t<\/div>\n\t\t\t\t<\/div>\n\t\t\t\t\t<\/div>\n\t\t<\/div>\n\t\t\t\t\t\t\t<\/div>\n\t\t<\/section>\n\t\t\t\t\t\t\t<\/div>","protected":false},"excerpt":{"rendered":"<p>Unternehmen Wo andere aufh\u00f6ren, fangen wir an Klip &#038; Klar Wir entlasten Sie, wo es nur geht Wir sind ein kleines, engagiertes Familienunternehmen mit Sitz in Z\u00fcrich. Bereits seit 2000 bieten wir erfolgreich unsere Dienste im Reinigungssektor an. Unsere Kunden sch\u00e4tzen die hohe Qualit\u00e4t unserer Arbeit und den stets zuverl\u00e4ssigen sowie termingerechten Abschluss unserer Auftr\u00e4ge. [&hellip;]<\/p>","protected":false},"author":1,"featured_media":34346,"parent":0,"menu_order":8,"comment_status":"closed","ping_status":"closed","template":"elementor_header_footer","meta":{"footnotes":""},"yoast_head":"<!-- This site is optimized with the Yoast SEO plugin v21.4 - https:\/\/yoast.com\/wordpress\/plugins\/seo\/ -->\n<title>Unternehmen - Klip &amp; Klar Reinigungen GmbH<\/title>\n<meta name=\"description\" content=\"Wir sind ein kleines, engagiertes Familienunternehmen mit Sitz in Z\u00fcrich. Bereits seit 2000 bieten wir erfolgreich unsere Dienste im Reinigungssektor an.\" \/>\n<meta name=\"robots\" content=\"index, follow, max-snippet:-1, max-image-preview:large, max-video-preview:-1\" \/>\n<link rel=\"canonical\" href=\"https:\/\/www.klipundklar.ch\/en\/unternehmen\/\" \/>\n<meta property=\"og:locale\" content=\"en_US\" \/>\n<meta property=\"og:type\" content=\"article\" \/>\n<meta property=\"og:title\" content=\"Unternehmen - Klip &amp; Klar Reinigungen GmbH\" \/>\n<meta property=\"og:description\" content=\"Wir sind ein kleines, engagiertes Familienunternehmen mit Sitz in Z\u00fcrich. Bereits seit 2000 bieten wir erfolgreich unsere Dienste im Reinigungssektor an.\" \/>\n<meta property=\"og:url\" content=\"https:\/\/www.klipundklar.ch\/en\/unternehmen\/\" \/>\n<meta property=\"og:site_name\" content=\"Klip &amp; Klar Reinigungen GmbH\" \/>\n<meta property=\"article:modified_time\" content=\"2024-12-31T09:51:52+00:00\" \/>\n<meta property=\"og:image\" content=\"https:\/\/www.klipundklar.ch\/wp-content\/uploads\/2023\/11\/KlippKlarr2.jpg\" \/>\n\t<meta property=\"og:image:width\" content=\"1024\" \/>\n\t<meta property=\"og:image:height\" content=\"1024\" \/>\n\t<meta property=\"og:image:type\" content=\"image\/jpeg\" \/>\n<meta name=\"twitter:card\" content=\"summary_large_image\" \/>\n<meta name=\"twitter:label1\" content=\"Est. reading time\" \/>\n\t<meta name=\"twitter:data1\" content=\"1 minute\" \/>\n<script type=\"application\/ld+json\" class=\"yoast-schema-graph\">{\"@context\":\"https:\/\/schema.org\",\"@graph\":[{\"@type\":\"WebPage\",\"@id\":\"https:\/\/www.klipundklar.ch\/unternehmen\/\",\"url\":\"https:\/\/www.klipundklar.ch\/unternehmen\/\",\"name\":\"Unternehmen - Klip &amp; Klar Reinigungen GmbH\",\"isPartOf\":{\"@id\":\"https:\/\/www.klipundklar.ch\/#website\"},\"datePublished\":\"2020-10-14T12:16:05+00:00\",\"dateModified\":\"2024-12-31T09:51:52+00:00\",\"description\":\"Wir sind ein kleines, engagiertes Familienunternehmen mit Sitz in Z\u00fcrich. Bereits seit 2000 bieten wir erfolgreich unsere Dienste im Reinigungssektor an.\",\"breadcrumb\":{\"@id\":\"https:\/\/www.klipundklar.ch\/unternehmen\/#breadcrumb\"},\"inLanguage\":\"en-US\",\"potentialAction\":[{\"@type\":\"ReadAction\",\"target\":[\"https:\/\/www.klipundklar.ch\/unternehmen\/\"]}]},{\"@type\":\"BreadcrumbList\",\"@id\":\"https:\/\/www.klipundklar.ch\/unternehmen\/#breadcrumb\",\"itemListElement\":[{\"@type\":\"ListItem\",\"position\":1,\"name\":\"Home\",\"item\":\"https:\/\/www.klipundklar.ch\/\"},{\"@type\":\"ListItem\",\"position\":2,\"name\":\"Unternehmen\"}]},{\"@type\":\"WebSite\",\"@id\":\"https:\/\/www.klipundklar.ch\/#website\",\"url\":\"https:\/\/www.klipundklar.ch\/\",\"name\":\"Klip & Klar Reinigungen GmbH\",\"description\":\"\",\"publisher\":{\"@id\":\"https:\/\/www.klipundklar.ch\/#organization\"},\"inLanguage\":\"en-US\"},{\"@type\":\"Organization\",\"@id\":\"https:\/\/www.klipundklar.ch\/#organization\",\"name\":\"Klip & Klar Reinigungen GmbH\",\"url\":\"https:\/\/www.klipundklar.ch\/\",\"logo\":{\"@type\":\"ImageObject\",\"inLanguage\":\"en-US\",\"@id\":\"https:\/\/www.klipundklar.ch\/#\/schema\/logo\/image\/\",\"url\":\"https:\/\/www.klipundklar.ch\/wp-content\/uploads\/2023\/10\/Untitled-22.jpg\",\"contentUrl\":\"https:\/\/www.klipundklar.ch\/wp-content\/uploads\/2023\/10\/Untitled-22.jpg\",\"width\":512,\"height\":512,\"caption\":\"Klip & Klar Reinigungen GmbH\"},\"image\":{\"@id\":\"https:\/\/www.klipundklar.ch\/#\/schema\/logo\/image\/\"}}]}<\/script>\n<!-- \/ Yoast SEO plugin. -->","yoast_head_json":{"title":"Unternehmen - Klip &amp; Klar Reinigungen GmbH","description":"Wir sind ein kleines, engagiertes Familienunternehmen mit Sitz in Z\u00fcrich. Bereits seit 2000 bieten wir erfolgreich unsere Dienste im Reinigungssektor an.","robots":{"index":"index","follow":"follow","max-snippet":"max-snippet:-1","max-image-preview":"max-image-preview:large","max-video-preview":"max-video-preview:-1"},"canonical":"https:\/\/www.klipundklar.ch\/en\/unternehmen\/","og_locale":"en_US","og_type":"article","og_title":"Unternehmen - Klip &amp; Klar Reinigungen GmbH","og_description":"Wir sind ein kleines, engagiertes Familienunternehmen mit Sitz in Z\u00fcrich. Bereits seit 2000 bieten wir erfolgreich unsere Dienste im Reinigungssektor an.","og_url":"https:\/\/www.klipundklar.ch\/en\/unternehmen\/","og_site_name":"Klip &amp; Klar Reinigungen GmbH","article_modified_time":"2024-12-31T09:51:52+00:00","og_image":[{"width":1024,"height":1024,"url":"https:\/\/www.klipundklar.ch\/wp-content\/uploads\/2023\/11\/KlippKlarr2.jpg","type":"image\/jpeg"}],"twitter_card":"summary_large_image","twitter_misc":{"Est. reading time":"1 minute"},"schema":{"@context":"https:\/\/schema.org","@graph":[{"@type":"WebPage","@id":"https:\/\/www.klipundklar.ch\/unternehmen\/","url":"https:\/\/www.klipundklar.ch\/unternehmen\/","name":"Unternehmen - Klip &amp; Klar Reinigungen GmbH","isPartOf":{"@id":"https:\/\/www.klipundklar.ch\/#website"},"datePublished":"2020-10-14T12:16:05+00:00","dateModified":"2024-12-31T09:51:52+00:00","description":"Wir sind ein kleines, engagiertes Familienunternehmen mit Sitz in Z\u00fcrich. Bereits seit 2000 bieten wir erfolgreich unsere Dienste im Reinigungssektor an.","breadcrumb":{"@id":"https:\/\/www.klipundklar.ch\/unternehmen\/#breadcrumb"},"inLanguage":"en-US","potentialAction":[{"@type":"ReadAction","target":["https:\/\/www.klipundklar.ch\/unternehmen\/"]}]},{"@type":"BreadcrumbList","@id":"https:\/\/www.klipundklar.ch\/unternehmen\/#breadcrumb","itemListElement":[{"@type":"ListItem","position":1,"name":"Home","item":"https:\/\/www.klipundklar.ch\/"},{"@type":"ListItem","position":2,"name":"Unternehmen"}]},{"@type":"WebSite","@id":"https:\/\/www.klipundklar.ch\/#website","url":"https:\/\/www.klipundklar.ch\/","name":"Klip & Klar Reinigungen GmbH","description":"","publisher":{"@id":"https:\/\/www.klipundklar.ch\/#organization"},"inLanguage":"en-US"},{"@type":"Organization","@id":"https:\/\/www.klipundklar.ch\/#organization","name":"Klip & Klar Reinigungen GmbH","url":"https:\/\/www.klipundklar.ch\/","logo":{"@type":"ImageObject","inLanguage":"en-US","@id":"https:\/\/www.klipundklar.ch\/#\/schema\/logo\/image\/","url":"https:\/\/www.klipundklar.ch\/wp-content\/uploads\/2023\/10\/Untitled-22.jpg","contentUrl":"https:\/\/www.klipundklar.ch\/wp-content\/uploads\/2023\/10\/Untitled-22.jpg","width":512,"height":512,"caption":"Klip & Klar Reinigungen GmbH"},"image":{"@id":"https:\/\/www.klipundklar.ch\/#\/schema\/logo\/image\/"}}]}},"_links":{"self":[{"href":"https:\/\/www.klipundklar.ch\/en\/wp-json\/wp\/v2\/pages\/28855"}],"collection":[{"href":"https:\/\/www.klipundklar.ch\/en\/wp-json\/wp\/v2\/pages"}],"about":[{"href":"https:\/\/www.klipundklar.ch\/en\/wp-json\/wp\/v2\/types\/page"}],"author":[{"embeddable":true,"href":"https:\/\/www.klipundklar.ch\/en\/wp-json\/wp\/v2\/users\/1"}],"replies":[{"embeddable":true,"href":"https:\/\/www.klipundklar.ch\/en\/wp-json\/wp\/v2\/comments?post=28855"}],"version-history":[{"count":458,"href":"https:\/\/www.klipundklar.ch\/en\/wp-json\/wp\/v2\/pages\/28855\/revisions"}],"predecessor-version":[{"id":36086,"href":"https:\/\/www.klipundklar.ch\/en\/wp-json\/wp\/v2\/pages\/28855\/revisions\/36086"}],"wp:featuredmedia":[{"embeddable":true,"href":"https:\/\/www.klipundklar.ch\/en\/wp-json\/wp\/v2\/media\/34346"}],"wp:attachment":[{"href":"https:\/\/www.klipundklar.ch\/en\/wp-json\/wp\/v2\/media?parent=28855"}],"curies":[{"name":"wp","href":"https:\/\/api.w.org\/{rel}","templated":true}]}}